{"id":57,"date":"2022-01-28T08:42:06","date_gmt":"2022-01-28T07:42:06","guid":{"rendered":"https:\/\/pompesfunebresdourdannaises.fr\/?page_id=57"},"modified":"2023-11-20T11:30:47","modified_gmt":"2023-11-20T10:30:47","slug":"presentation","status":"publish","type":"page","link":"https:\/\/pompesfunebresdourdannaises.fr\/index.php\/presentation\/","title":{"rendered":"Pr\u00e9sentation"},"content":{"rendered":"\t\t<div data-elementor-type=\"wp-page\" data-elementor-id=\"57\" class=\"elementor elementor-57\" data-elementor-post-type=\"page\">\n\t\t\t\t\t\t<section class=\"elementor-section elementor-top-section elementor-element elementor-element-1a7a2b0 elementor-section-height-min-height elementor-section-boxed elementor-section-height-default elementor-section-items-middle\" data-id=\"1a7a2b0\" data-element_type=\"section\" data-e-type=\"section\" data-settings=\"{&quot;background_background&quot;:&quot;classic&quot;}\">\n\t\t\t\t\t\t<div class=\"elementor-container elementor-column-gap-default\">\n\t\t\t\t\t<div class=\"elementor-column elementor-col-100 elementor-top-column elementor-element elementor-element-c6e5df7\" data-id=\"c6e5df7\" data-element_type=\"column\" data-e-type=\"column\">\n\t\t\t<div class=\"elementor-widget-wrap elementor-element-populated\">\n\t\t\t\t\t\t<div class=\"elementor-element elementor-element-d381f37 elementor-widget elementor-widget-heading\" data-id=\"d381f37\" data-element_type=\"widget\" data-e-type=\"widget\" data-widget_type=\"heading.default\">\n\t\t\t\t<div class=\"elementor-widget-container\">\n\t\t\t\t\t<h2 class=\"elementor-heading-title elementor-size-default\">Pr\u00e9sentation<\/h2>\t\t\t\t<\/div>\n\t\t\t\t<\/div>\n\t\t\t\t\t<\/div>\n\t\t<\/div>\n\t\t\t\t\t<\/div>\n\t\t<\/section>\n\t\t\t\t<section class=\"elementor-section elementor-top-section elementor-element elementor-element-bba14eb elementor-section-height-min-height elementor-section-items-top elementor-section-boxed elementor-section-height-default\" data-id=\"bba14eb\" data-element_type=\"section\" data-e-type=\"section\" data-settings=\"{&quot;background_background&quot;:&quot;classic&quot;}\">\n\t\t\t\t\t\t<div class=\"elementor-container elementor-column-gap-default\">\n\t\t\t\t\t<div class=\"elementor-column elementor-col-33 elementor-top-column elementor-element elementor-element-53ead1d\" data-id=\"53ead1d\" data-element_type=\"column\" data-e-type=\"column\">\n\t\t\t<div class=\"elementor-widget-wrap elementor-element-populated\">\n\t\t\t\t\t\t<div class=\"elementor-element elementor-element-230c006 elementor-position-top elementor-widget elementor-widget-image-box\" data-id=\"230c006\" data-element_type=\"widget\" data-e-type=\"widget\" data-widget_type=\"image-box.default\">\n\t\t\t\t<div class=\"elementor-widget-container\">\n\t\t\t\t\t<div class=\"elementor-image-box-wrapper\"><figure class=\"elementor-image-box-img\"><img fetchpriority=\"high\" decoding=\"async\" width=\"300\" height=\"300\" src=\"https:\/\/pompesfunebresdourdannaises.fr\/wp-content\/uploads\/2022\/02\/DSC3962-300x300.jpg\" class=\"elementor-animation-grow-rotate attachment-medium size-medium wp-image-1386\" alt=\"\" srcset=\"https:\/\/pompesfunebresdourdannaises.fr\/wp-content\/uploads\/2022\/02\/DSC3962-300x300.jpg 300w, https:\/\/pompesfunebresdourdannaises.fr\/wp-content\/uploads\/2022\/02\/DSC3962-1024x1024.jpg 1024w, https:\/\/pompesfunebresdourdannaises.fr\/wp-content\/uploads\/2022\/02\/DSC3962-150x150.jpg 150w, https:\/\/pompesfunebresdourdannaises.fr\/wp-content\/uploads\/2022\/02\/DSC3962-768x768.jpg 768w, https:\/\/pompesfunebresdourdannaises.fr\/wp-content\/uploads\/2022\/02\/DSC3962-1536x1536.jpg 1536w, https:\/\/pompesfunebresdourdannaises.fr\/wp-content\/uploads\/2022\/02\/DSC3962.jpg 2000w\" sizes=\"(max-width: 300px) 100vw, 300px\" \/><\/figure><div class=\"elementor-image-box-content\"><h5 class=\"elementor-image-box-title\">Arnaud<\/h5><\/div><\/div>\t\t\t\t<\/div>\n\t\t\t\t<\/div>\n\t\t\t\t<div class=\"elementor-element elementor-element-f8ded67 elementor-widget elementor-widget-image\" data-id=\"f8ded67\" data-element_type=\"widget\" data-e-type=\"widget\" data-widget_type=\"image.default\">\n\t\t\t\t<div class=\"elementor-widget-container\">\n\t\t\t\t\t\t\t\t\t\t\t\t\t\t\t<img decoding=\"async\" width=\"150\" height=\"150\" src=\"https:\/\/pompesfunebresdourdannaises.fr\/wp-content\/uploads\/2022\/02\/citation-left-alt-150x150.png\" class=\"attachment-thumbnail size-thumbnail wp-image-1891\" alt=\"\" \/>\t\t\t\t\t\t\t\t\t\t\t\t\t\t\t<\/div>\n\t\t\t\t<\/div>\n\t\t\t\t<div class=\"elementor-element elementor-element-7114485 elementor-widget elementor-widget-text-editor\" data-id=\"7114485\" data-element_type=\"widget\" data-e-type=\"widget\" data-widget_type=\"text-editor.default\">\n\t\t\t\t<div class=\"elementor-widget-container\">\n\t\t\t\t\t\t\t\t\t<p>Tu as deux choix le matin : soit tu te recouches pour poursuivre tes r\u00eaves, soit tu te l\u00e8ves pour les r\u00e9aliser.<\/p>\t\t\t\t\t\t\t\t<\/div>\n\t\t\t\t<\/div>\n\t\t\t\t<div class=\"elementor-element elementor-element-82588c0 elementor-widget elementor-widget-image\" data-id=\"82588c0\" data-element_type=\"widget\" data-e-type=\"widget\" data-widget_type=\"image.default\">\n\t\t\t\t<div class=\"elementor-widget-container\">\n\t\t\t\t\t\t\t\t\t\t\t\t\t\t\t<img decoding=\"async\" width=\"150\" height=\"150\" src=\"https:\/\/pompesfunebresdourdannaises.fr\/wp-content\/uploads\/2022\/02\/citation-right-alt-150x150.png\" class=\"attachment-thumbnail size-thumbnail wp-image-1892\" alt=\"\" \/>\t\t\t\t\t\t\t\t\t\t\t\t\t\t\t<\/div>\n\t\t\t\t<\/div>\n\t\t\t\t\t<\/div>\n\t\t<\/div>\n\t\t\t\t<div class=\"elementor-column elementor-col-33 elementor-top-column elementor-element elementor-element-428e835\" data-id=\"428e835\" data-element_type=\"column\" data-e-type=\"column\">\n\t\t\t<div class=\"elementor-widget-wrap elementor-element-populated\">\n\t\t\t\t\t\t<div class=\"elementor-element elementor-element-42d7e41 elementor-position-top elementor-widget elementor-widget-image-box\" data-id=\"42d7e41\" data-element_type=\"widget\" data-e-type=\"widget\" data-widget_type=\"image-box.default\">\n\t\t\t\t<div class=\"elementor-widget-container\">\n\t\t\t\t\t<div class=\"elementor-image-box-wrapper\"><figure class=\"elementor-image-box-img\"><img loading=\"lazy\" decoding=\"async\" width=\"300\" height=\"300\" src=\"https:\/\/pompesfunebresdourdannaises.fr\/wp-content\/uploads\/2022\/02\/DSC3919-copie-300x300.jpg\" class=\"elementor-animation-grow-rotate attachment-medium size-medium wp-image-1803\" alt=\"\" srcset=\"https:\/\/pompesfunebresdourdannaises.fr\/wp-content\/uploads\/2022\/02\/DSC3919-copie-300x300.jpg 300w, https:\/\/pompesfunebresdourdannaises.fr\/wp-content\/uploads\/2022\/02\/DSC3919-copie-1024x1024.jpg 1024w, https:\/\/pompesfunebresdourdannaises.fr\/wp-content\/uploads\/2022\/02\/DSC3919-copie-150x150.jpg 150w, https:\/\/pompesfunebresdourdannaises.fr\/wp-content\/uploads\/2022\/02\/DSC3919-copie-768x768.jpg 768w, https:\/\/pompesfunebresdourdannaises.fr\/wp-content\/uploads\/2022\/02\/DSC3919-copie-1536x1536.jpg 1536w, https:\/\/pompesfunebresdourdannaises.fr\/wp-content\/uploads\/2022\/02\/DSC3919-copie.jpg 1663w\" sizes=\"(max-width: 300px) 100vw, 300px\" \/><\/figure><div class=\"elementor-image-box-content\"><h5 class=\"elementor-image-box-title\">Sandra<\/h5><\/div><\/div>\t\t\t\t<\/div>\n\t\t\t\t<\/div>\n\t\t\t\t<div class=\"elementor-element elementor-element-d066cb3 elementor-widget elementor-widget-image\" data-id=\"d066cb3\" data-element_type=\"widget\" data-e-type=\"widget\" data-widget_type=\"image.default\">\n\t\t\t\t<div class=\"elementor-widget-container\">\n\t\t\t\t\t\t\t\t\t\t\t\t\t\t\t<img decoding=\"async\" width=\"150\" height=\"150\" src=\"https:\/\/pompesfunebresdourdannaises.fr\/wp-content\/uploads\/2022\/02\/citation-left-alt-150x150.png\" class=\"attachment-thumbnail size-thumbnail wp-image-1891\" alt=\"\" \/>\t\t\t\t\t\t\t\t\t\t\t\t\t\t\t<\/div>\n\t\t\t\t<\/div>\n\t\t\t\t<div class=\"elementor-element elementor-element-af8eb60 elementor-widget elementor-widget-text-editor\" data-id=\"af8eb60\" data-element_type=\"widget\" data-e-type=\"widget\" data-widget_type=\"text-editor.default\">\n\t\t\t\t<div class=\"elementor-widget-container\">\n\t\t\t\t\t\t\t\t\t<p>Quand la vie te donne une centaine de raisons de pleurer, montre-lui que tu en as mille de sourire.<\/p>\t\t\t\t\t\t\t\t<\/div>\n\t\t\t\t<\/div>\n\t\t\t\t<div class=\"elementor-element elementor-element-6555d4a elementor-widget elementor-widget-image\" data-id=\"6555d4a\" data-element_type=\"widget\" data-e-type=\"widget\" data-widget_type=\"image.default\">\n\t\t\t\t<div class=\"elementor-widget-container\">\n\t\t\t\t\t\t\t\t\t\t\t\t\t\t\t<img decoding=\"async\" width=\"150\" height=\"150\" src=\"https:\/\/pompesfunebresdourdannaises.fr\/wp-content\/uploads\/2022\/02\/citation-right-alt-150x150.png\" class=\"attachment-thumbnail size-thumbnail wp-image-1892\" alt=\"\" \/>\t\t\t\t\t\t\t\t\t\t\t\t\t\t\t<\/div>\n\t\t\t\t<\/div>\n\t\t\t\t\t<\/div>\n\t\t<\/div>\n\t\t\t\t<div class=\"elementor-column elementor-col-33 elementor-top-column elementor-element elementor-element-6bc3c6f\" data-id=\"6bc3c6f\" data-element_type=\"column\" data-e-type=\"column\">\n\t\t\t<div class=\"elementor-widget-wrap elementor-element-populated\">\n\t\t\t\t\t\t<div class=\"elementor-element elementor-element-b91e00d elementor-position-top elementor-widget elementor-widget-image-box\" data-id=\"b91e00d\" data-element_type=\"widget\" data-e-type=\"widget\" data-widget_type=\"image-box.default\">\n\t\t\t\t<div class=\"elementor-widget-container\">\n\t\t\t\t\t<div class=\"elementor-image-box-wrapper\"><figure class=\"elementor-image-box-img\"><img loading=\"lazy\" decoding=\"async\" width=\"300\" height=\"300\" src=\"https:\/\/pompesfunebresdourdannaises.fr\/wp-content\/uploads\/2022\/02\/DSC4247-300x300.jpg\" class=\"elementor-animation-grow-rotate attachment-medium size-medium wp-image-1784\" alt=\"\" srcset=\"https:\/\/pompesfunebresdourdannaises.fr\/wp-content\/uploads\/2022\/02\/DSC4247-300x300.jpg 300w, https:\/\/pompesfunebresdourdannaises.fr\/wp-content\/uploads\/2022\/02\/DSC4247-1024x1024.jpg 1024w, https:\/\/pompesfunebresdourdannaises.fr\/wp-content\/uploads\/2022\/02\/DSC4247-150x150.jpg 150w, https:\/\/pompesfunebresdourdannaises.fr\/wp-content\/uploads\/2022\/02\/DSC4247-768x768.jpg 768w, https:\/\/pompesfunebresdourdannaises.fr\/wp-content\/uploads\/2022\/02\/DSC4247-1536x1536.jpg 1536w, https:\/\/pompesfunebresdourdannaises.fr\/wp-content\/uploads\/2022\/02\/DSC4247.jpg 2000w\" sizes=\"(max-width: 300px) 100vw, 300px\" \/><\/figure><div class=\"elementor-image-box-content\"><h5 class=\"elementor-image-box-title\">Emilie<\/h5><\/div><\/div>\t\t\t\t<\/div>\n\t\t\t\t<\/div>\n\t\t\t\t<div class=\"elementor-element elementor-element-8d456f3 elementor-widget elementor-widget-image\" data-id=\"8d456f3\" data-element_type=\"widget\" data-e-type=\"widget\" data-widget_type=\"image.default\">\n\t\t\t\t<div class=\"elementor-widget-container\">\n\t\t\t\t\t\t\t\t\t\t\t\t\t\t\t<img decoding=\"async\" width=\"150\" height=\"150\" src=\"https:\/\/pompesfunebresdourdannaises.fr\/wp-content\/uploads\/2022\/02\/citation-left-alt-150x150.png\" class=\"attachment-thumbnail size-thumbnail wp-image-1891\" alt=\"\" \/>\t\t\t\t\t\t\t\t\t\t\t\t\t\t\t<\/div>\n\t\t\t\t<\/div>\n\t\t\t\t<div class=\"elementor-element elementor-element-05d7736 elementor-widget elementor-widget-text-editor\" data-id=\"05d7736\" data-element_type=\"widget\" data-e-type=\"widget\" data-widget_type=\"text-editor.default\">\n\t\t\t\t<div class=\"elementor-widget-container\">\n\t\t\t\t\t\t\t\t\t<p>Trouve toujours une raison de sourire, cela n&rsquo;ajoutera peut-\u00eatre pas des ann\u00e9es \u00e0 ta vie, mais ajoutera de la vie \u00e0 tes ann\u00e9es<\/p>\t\t\t\t\t\t\t\t<\/div>\n\t\t\t\t<\/div>\n\t\t\t\t<div class=\"elementor-element elementor-element-4fde22e elementor-widget elementor-widget-image\" data-id=\"4fde22e\" data-element_type=\"widget\" data-e-type=\"widget\" data-widget_type=\"image.default\">\n\t\t\t\t<div class=\"elementor-widget-container\">\n\t\t\t\t\t\t\t\t\t\t\t\t\t\t\t<img decoding=\"async\" width=\"150\" height=\"150\" src=\"https:\/\/pompesfunebresdourdannaises.fr\/wp-content\/uploads\/2022\/02\/citation-right-alt-150x150.png\" class=\"attachment-thumbnail size-thumbnail wp-image-1892\" alt=\"\" \/>\t\t\t\t\t\t\t\t\t\t\t\t\t\t\t<\/div>\n\t\t\t\t<\/div>\n\t\t\t\t\t<\/div>\n\t\t<\/div>\n\t\t\t\t\t<\/div>\n\t\t<\/section>\n\t\t\t\t<section class=\"elementor-section elementor-top-section elementor-element elementor-element-854c8c0 elementor-section-height-min-height elementor-section-items-top elementor-section-boxed elementor-section-height-default\" data-id=\"854c8c0\" data-element_type=\"section\" data-e-type=\"section\" data-settings=\"{&quot;background_background&quot;:&quot;classic&quot;}\">\n\t\t\t\t\t\t<div class=\"elementor-container elementor-column-gap-default\">\n\t\t\t\t\t<div class=\"elementor-column elementor-col-100 elementor-top-column elementor-element elementor-element-0926286\" data-id=\"0926286\" data-element_type=\"column\" data-e-type=\"column\">\n\t\t\t<div class=\"elementor-widget-wrap elementor-element-populated\">\n\t\t\t\t\t\t<div class=\"elementor-element elementor-element-3cc62b9 elementor-widget elementor-widget-image\" data-id=\"3cc62b9\" data-element_type=\"widget\" data-e-type=\"widget\" data-widget_type=\"image.default\">\n\t\t\t\t<div class=\"elementor-widget-container\">\n\t\t\t\t\t\t\t\t\t\t\t\t\t\t\t<img loading=\"lazy\" decoding=\"async\" width=\"800\" height=\"533\" src=\"https:\/\/pompesfunebresdourdannaises.fr\/wp-content\/uploads\/2022\/02\/DSC4098-1024x682.jpg\" class=\"attachment-large size-large wp-image-1402\" alt=\"2 Vehicules PFD\" srcset=\"https:\/\/pompesfunebresdourdannaises.fr\/wp-content\/uploads\/2022\/02\/DSC4098-1024x682.jpg 1024w, https:\/\/pompesfunebresdourdannaises.fr\/wp-content\/uploads\/2022\/02\/DSC4098-300x200.jpg 300w, https:\/\/pompesfunebresdourdannaises.fr\/wp-content\/uploads\/2022\/02\/DSC4098-768x512.jpg 768w, https:\/\/pompesfunebresdourdannaises.fr\/wp-content\/uploads\/2022\/02\/DSC4098-1536x1024.jpg 1536w, https:\/\/pompesfunebresdourdannaises.fr\/wp-content\/uploads\/2022\/02\/DSC4098.jpg 2000w\" sizes=\"(max-width: 800px) 100vw, 800px\" \/>\t\t\t\t\t\t\t\t\t\t\t\t\t\t\t<\/div>\n\t\t\t\t<\/div>\n\t\t\t\t\t<\/div>\n\t\t<\/div>\n\t\t\t\t\t<\/div>\n\t\t<\/section>\n\t\t\t\t<section class=\"elementor-section elementor-top-section elementor-element elementor-element-8379db5 elementor-section-height-min-height elementor-section-boxed elementor-section-height-default elementor-section-items-middle\" data-id=\"8379db5\" data-element_type=\"section\" data-e-type=\"section\" data-settings=\"{&quot;background_background&quot;:&quot;classic&quot;}\">\n\t\t\t\t\t\t<div class=\"elementor-container elementor-column-gap-default\">\n\t\t\t\t\t<div class=\"elementor-column elementor-col-50 elementor-top-column elementor-element elementor-element-656b9be\" data-id=\"656b9be\" data-element_type=\"column\" data-e-type=\"column\">\n\t\t\t<div class=\"elementor-widget-wrap elementor-element-populated\">\n\t\t\t\t\t\t<section class=\"elementor-section elementor-inner-section elementor-element elementor-element-35c19ba elementor-section-boxed elementor-section-height-default elementor-section-height-default\" data-id=\"35c19ba\" data-element_type=\"section\" data-e-type=\"section\">\n\t\t\t\t\t\t<div class=\"elementor-container elementor-column-gap-default\">\n\t\t\t\t\t<div class=\"elementor-column elementor-col-100 elementor-inner-column elementor-element elementor-element-b0006ca animated-slow elementor-invisible\" data-id=\"b0006ca\" data-element_type=\"column\" data-e-type=\"column\" data-settings=\"{&quot;background_background&quot;:&quot;classic&quot;,&quot;animation&quot;:&quot;fadeInLeft&quot;,&quot;animation_mobile&quot;:&quot;fadeIn&quot;}\">\n\t\t\t<div class=\"elementor-widget-wrap elementor-element-populated\">\n\t\t\t\t\t\t<div class=\"elementor-element elementor-element-43f8c42 elementor-widget elementor-widget-heading\" data-id=\"43f8c42\" data-element_type=\"widget\" data-e-type=\"widget\" data-widget_type=\"heading.default\">\n\t\t\t\t<div class=\"elementor-widget-container\">\n\t\t\t\t\t<h5 class=\"elementor-heading-title elementor-size-default\">Notre \u00e9quipe<\/h5>\t\t\t\t<\/div>\n\t\t\t\t<\/div>\n\t\t\t\t<div class=\"elementor-element elementor-element-a5667ea elementor-widget elementor-widget-text-editor\" data-id=\"a5667ea\" data-element_type=\"widget\" data-e-type=\"widget\" data-widget_type=\"text-editor.default\">\n\t\t\t\t<div class=\"elementor-widget-container\">\n\t\t\t\t\t\t\t\t\t<p>Depuis 2014, Sandra, Arnaud et leur \u00e9quipe accompagnent de nombreuses familles dans l\u2019organisation des obs\u00e8ques de leurs proches.<\/p><p>Arnaud exerce son m\u00e9tier depuis plus de 16 ans et a su s\u2019entourer de personnes passionn\u00e9es et investies au quotidien.<\/p><p>L\u2019agence dourdannaise, situ\u00e9e face au cimeti\u00e8re, intervient dans toute la r\u00e9gion.<\/p><p>Avec professionnalisme et empathie, l\u2019\u00e9quipe PFD prodigue conseil et assistance avant, pendant et apr\u00e8s les obs\u00e8ques, en exer\u00e7ant leur m\u00e9tier avec d\u00e9vouement.<\/p>\t\t\t\t\t\t\t\t<\/div>\n\t\t\t\t<\/div>\n\t\t\t\t\t<\/div>\n\t\t<\/div>\n\t\t\t\t\t<\/div>\n\t\t<\/section>\n\t\t\t\t\t<\/div>\n\t\t<\/div>\n\t\t\t\t<div class=\"elementor-column elementor-col-50 elementor-top-column elementor-element elementor-element-35a927c\" data-id=\"35a927c\" data-element_type=\"column\" data-e-type=\"column\">\n\t\t\t<div class=\"elementor-widget-wrap elementor-element-populated\">\n\t\t\t\t\t\t<section class=\"elementor-section elementor-inner-section elementor-element elementor-element-30141d9 elementor-section-boxed elementor-section-height-default elementor-section-height-default\" data-id=\"30141d9\" data-element_type=\"section\" data-e-type=\"section\">\n\t\t\t\t\t\t<div class=\"elementor-container elementor-column-gap-default\">\n\t\t\t\t\t<div class=\"elementor-column elementor-col-100 elementor-inner-column elementor-element elementor-element-c04e7f8 animated-slow elementor-invisible\" data-id=\"c04e7f8\" data-element_type=\"column\" data-e-type=\"column\" data-settings=\"{&quot;animation&quot;:&quot;fadeInRight&quot;,&quot;animation_mobile&quot;:&quot;fadeIn&quot;}\">\n\t\t\t<div class=\"elementor-widget-wrap elementor-element-populated\">\n\t\t\t\t\t\t<div class=\"elementor-element elementor-element-312f2b8 elementor-widget elementor-widget-image\" data-id=\"312f2b8\" data-element_type=\"widget\" data-e-type=\"widget\" data-widget_type=\"image.default\">\n\t\t\t\t<div class=\"elementor-widget-container\">\n\t\t\t\t\t\t\t\t\t\t\t\t\t\t\t<img loading=\"lazy\" decoding=\"async\" width=\"800\" height=\"467\" src=\"https:\/\/pompesfunebresdourdannaises.fr\/wp-content\/uploads\/2023\/11\/DSC4127_recadre-1024x598.jpg\" class=\"attachment-large size-large wp-image-2805\" alt=\"Limousine PFD + A Lejeune\" srcset=\"https:\/\/pompesfunebresdourdannaises.fr\/wp-content\/uploads\/2023\/11\/DSC4127_recadre-1024x598.jpg 1024w, https:\/\/pompesfunebresdourdannaises.fr\/wp-content\/uploads\/2023\/11\/DSC4127_recadre-300x175.jpg 300w, https:\/\/pompesfunebresdourdannaises.fr\/wp-content\/uploads\/2023\/11\/DSC4127_recadre-768x448.jpg 768w, https:\/\/pompesfunebresdourdannaises.fr\/wp-content\/uploads\/2023\/11\/DSC4127_recadre.jpg 1515w\" sizes=\"(max-width: 800px) 100vw, 800px\" \/>\t\t\t\t\t\t\t\t\t\t\t\t\t\t\t<\/div>\n\t\t\t\t<\/div>\n\t\t\t\t\t<\/div>\n\t\t<\/div>\n\t\t\t\t\t<\/div>\n\t\t<\/section>\n\t\t\t\t\t<\/div>\n\t\t<\/div>\n\t\t\t\t\t<\/div>\n\t\t<\/section>\n\t\t\t\t<section class=\"elementor-section elementor-top-section elementor-element elementor-element-842f943 elementor-section-height-min-height elementor-section-boxed elementor-section-height-default elementor-section-items-middle\" data-id=\"842f943\" data-element_type=\"section\" data-e-type=\"section\" data-settings=\"{&quot;background_background&quot;:&quot;classic&quot;}\">\n\t\t\t\t\t\t<div class=\"elementor-container elementor-column-gap-default\">\n\t\t\t\t\t<div class=\"elementor-column elementor-col-50 elementor-top-column elementor-element elementor-element-f96f1c6\" data-id=\"f96f1c6\" data-element_type=\"column\" data-e-type=\"column\">\n\t\t\t<div class=\"elementor-widget-wrap elementor-element-populated\">\n\t\t\t\t\t\t<section class=\"elementor-section elementor-inner-section elementor-element elementor-element-cd79ad6 elementor-section-boxed elementor-section-height-default elementor-section-height-default\" data-id=\"cd79ad6\" data-element_type=\"section\" data-e-type=\"section\">\n\t\t\t\t\t\t<div class=\"elementor-container elementor-column-gap-default\">\n\t\t\t\t\t<div class=\"elementor-column elementor-col-100 elementor-inner-column elementor-element elementor-element-13ef2e4 animated-slow elementor-invisible\" data-id=\"13ef2e4\" data-element_type=\"column\" data-e-type=\"column\" data-settings=\"{&quot;animation&quot;:&quot;fadeInLeft&quot;,&quot;animation_mobile&quot;:&quot;fadeIn&quot;}\">\n\t\t\t<div class=\"elementor-widget-wrap elementor-element-populated\">\n\t\t\t\t\t\t<div class=\"elementor-element elementor-element-629c0f7 elementor-widget elementor-widget-image\" data-id=\"629c0f7\" data-element_type=\"widget\" data-e-type=\"widget\" data-widget_type=\"image.default\">\n\t\t\t\t<div class=\"elementor-widget-container\">\n\t\t\t\t\t\t\t\t\t\t\t\t\t\t\t<img loading=\"lazy\" decoding=\"async\" width=\"800\" height=\"534\" src=\"https:\/\/pompesfunebresdourdannaises.fr\/wp-content\/uploads\/2022\/02\/DSC4032-copie-1024x683.jpg\" class=\"attachment-large size-large wp-image-1795\" alt=\"\" srcset=\"https:\/\/pompesfunebresdourdannaises.fr\/wp-content\/uploads\/2022\/02\/DSC4032-copie-1024x683.jpg 1024w, https:\/\/pompesfunebresdourdannaises.fr\/wp-content\/uploads\/2022\/02\/DSC4032-copie-300x200.jpg 300w, https:\/\/pompesfunebresdourdannaises.fr\/wp-content\/uploads\/2022\/02\/DSC4032-copie-768x512.jpg 768w, https:\/\/pompesfunebresdourdannaises.fr\/wp-content\/uploads\/2022\/02\/DSC4032-copie-1536x1025.jpg 1536w, https:\/\/pompesfunebresdourdannaises.fr\/wp-content\/uploads\/2022\/02\/DSC4032-copie.jpg 1580w\" sizes=\"(max-width: 800px) 100vw, 800px\" \/>\t\t\t\t\t\t\t\t\t\t\t\t\t\t\t<\/div>\n\t\t\t\t<\/div>\n\t\t\t\t\t<\/div>\n\t\t<\/div>\n\t\t\t\t\t<\/div>\n\t\t<\/section>\n\t\t\t\t\t<\/div>\n\t\t<\/div>\n\t\t\t\t<div class=\"elementor-column elementor-col-50 elementor-top-column elementor-element elementor-element-a7b11ba\" data-id=\"a7b11ba\" data-element_type=\"column\" data-e-type=\"column\">\n\t\t\t<div class=\"elementor-widget-wrap elementor-element-populated\">\n\t\t\t\t\t\t<section class=\"elementor-section elementor-inner-section elementor-element elementor-element-83e86e8 elementor-section-boxed elementor-section-height-default elementor-section-height-default\" data-id=\"83e86e8\" data-element_type=\"section\" data-e-type=\"section\">\n\t\t\t\t\t\t<div class=\"elementor-container elementor-column-gap-default\">\n\t\t\t\t\t<div class=\"elementor-column elementor-col-100 elementor-inner-column elementor-element elementor-element-bc57fb3 animated-slow elementor-invisible\" data-id=\"bc57fb3\" data-element_type=\"column\" data-e-type=\"column\" data-settings=\"{&quot;background_background&quot;:&quot;classic&quot;,&quot;animation&quot;:&quot;fadeInRight&quot;,&quot;animation_mobile&quot;:&quot;fadeIn&quot;}\">\n\t\t\t<div class=\"elementor-widget-wrap elementor-element-populated\">\n\t\t\t\t\t\t<div class=\"elementor-element elementor-element-7f6ca28 elementor-widget elementor-widget-heading\" data-id=\"7f6ca28\" data-element_type=\"widget\" data-e-type=\"widget\" data-widget_type=\"heading.default\">\n\t\t\t\t<div class=\"elementor-widget-container\">\n\t\t\t\t\t<h5 class=\"elementor-heading-title elementor-size-default\">Vous en parlez<\/h5>\t\t\t\t<\/div>\n\t\t\t\t<\/div>\n\t\t\t\t<div class=\"elementor-element elementor-element-2b6953d elementor-widget elementor-widget-text-editor\" data-id=\"2b6953d\" data-element_type=\"widget\" data-e-type=\"widget\" data-widget_type=\"text-editor.default\">\n\t\t\t\t<div class=\"elementor-widget-container\">\n\t\t\t\t\t\t\t\t\t<p>\u00ab\u00a0Nous avons fait le choix, ma s\u0153ur et moi, d&rsquo;une entreprise \u00e0 dimension humaine et non d&rsquo;un grand groupe pour l&rsquo;enterrement de notre Papa et cela a \u00e9t\u00e9 sans aucun regret bien au contraire.\u00a0\u00a0Nous avons tout particuli\u00e8rement appr\u00e9ci\u00e9 la c\u00e9r\u00e9monie au cimeti\u00e8re qui a largement contribu\u00e9 \u00e0 la s\u00e9r\u00e9nit\u00e9 de ce moment (tonnelle, musique,&#8230;) et la fiert\u00e9 que j&rsquo;ai eue de porter avec mon fils le cercueil de notre Papa et Grand P\u00e8re.\u00a0\u00bb<\/p><p>\u00ab\u00a0Vous \u00eates l\u00e0 du d\u00e9but \u00e0 la fin avec beaucoup de gentillesse et de compr\u00e9hension. Nous vivons un moment difficile et vous \u00eates l\u00e0 pour nous rassurer et nous orienter. Cela a fait 2 ans le 21 f\u00e9vrier que j\u2019ai enterr\u00e9 ma maman et je ne pourrai jamais oublier tout ce que vous avez fait pour nous. Une \u00e9quipe merveilleuse avec \u00e9norm\u00e9ment de courage. Merci \u00e0 vous.\u00a0\u00bb<\/p>\t\t\t\t\t\t\t\t<\/div>\n\t\t\t\t<\/div>\n\t\t\t\t\t<\/div>\n\t\t<\/div>\n\t\t\t\t\t<\/div>\n\t\t<\/section>\n\t\t\t\t\t<\/div>\n\t\t<\/div>\n\t\t\t\t\t<\/div>\n\t\t<\/section>\n\t\t\t\t<\/div>\n\t\t","protected":false},"excerpt":{"rendered":"<p>Pr\u00e9sentation Arnaud Tu as deux choix le matin : soit tu te recouches pour poursuivre tes r\u00eaves, soit tu te l\u00e8ves pour les r\u00e9aliser. Sandra Quand la vie te donne une centaine de raisons de pleurer, montre-lui que tu en as mille de sourire. Emilie Trouve toujours une raison de sourire, cela n&rsquo;ajoutera peut-\u00eatre pas [&hellip;]<\/p>\n","protected":false},"author":2,"featured_media":0,"parent":0,"menu_order":0,"comment_status":"closed","ping_status":"closed","template":"","meta":{"footnotes":""},"folder":[],"class_list":["post-57","page","type-page","status-publish","hentry"],"_links":{"self":[{"href":"https:\/\/pompesfunebresdourdannaises.fr\/index.php\/wp-json\/wp\/v2\/pages\/57","targetHints":{"allow":["GET"]}}],"collection":[{"href":"https:\/\/pompesfunebresdourdannaises.fr\/index.php\/wp-json\/wp\/v2\/pages"}],"about":[{"href":"https:\/\/pompesfunebresdourdannaises.fr\/index.php\/wp-json\/wp\/v2\/types\/page"}],"author":[{"embeddable":true,"href":"https:\/\/pompesfunebresdourdannaises.fr\/index.php\/wp-json\/wp\/v2\/users\/2"}],"replies":[{"embeddable":true,"href":"https:\/\/pompesfunebresdourdannaises.fr\/index.php\/wp-json\/wp\/v2\/comments?post=57"}],"version-history":[{"count":235,"href":"https:\/\/pompesfunebresdourdannaises.fr\/index.php\/wp-json\/wp\/v2\/pages\/57\/revisions"}],"predecessor-version":[{"id":2808,"href":"https:\/\/pompesfunebresdourdannaises.fr\/index.php\/wp-json\/wp\/v2\/pages\/57\/revisions\/2808"}],"wp:attachment":[{"href":"https:\/\/pompesfunebresdourdannaises.fr\/index.php\/wp-json\/wp\/v2\/media?parent=57"}],"wp:term":[{"taxonomy":"folder","embeddable":true,"href":"https:\/\/pompesfunebresdourdannaises.fr\/index.php\/wp-json\/wp\/v2\/folder?post=57"}],"curies":[{"name":"wp","href":"https:\/\/api.w.org\/{rel}","templated":true}]}}