{"id":51,"date":"2022-01-28T08:41:02","date_gmt":"2022-01-28T07:41:02","guid":{"rendered":"https:\/\/pompesfunebresdourdannaises.fr\/?page_id=51"},"modified":"2023-11-20T10:53:45","modified_gmt":"2023-11-20T09:53:45","slug":"entretien-de-sepulture","status":"publish","type":"page","link":"https:\/\/pompesfunebresdourdannaises.fr\/index.php\/entretien-de-sepulture\/","title":{"rendered":"Entretien de s\u00e9pulture"},"content":{"rendered":"\t\t<div data-elementor-type=\"wp-page\" data-elementor-id=\"51\" class=\"elementor elementor-51\" data-elementor-post-type=\"page\">\n\t\t\t\t\t\t<section class=\"elementor-section elementor-top-section elementor-element elementor-element-c6bafdd elementor-section-height-min-height elementor-section-boxed elementor-section-height-default elementor-section-items-middle\" data-id=\"c6bafdd\" data-element_type=\"section\" data-e-type=\"section\" data-settings=\"{&quot;background_background&quot;:&quot;classic&quot;}\">\n\t\t\t\t\t\t<div class=\"elementor-container elementor-column-gap-default\">\n\t\t\t\t\t<div class=\"elementor-column elementor-col-100 elementor-top-column elementor-element elementor-element-056504d\" data-id=\"056504d\" data-element_type=\"column\" data-e-type=\"column\">\n\t\t\t<div class=\"elementor-widget-wrap elementor-element-populated\">\n\t\t\t\t\t\t<div class=\"elementor-element elementor-element-7718bd6 elementor-widget elementor-widget-heading\" data-id=\"7718bd6\" data-element_type=\"widget\" data-e-type=\"widget\" data-widget_type=\"heading.default\">\n\t\t\t\t<div class=\"elementor-widget-container\">\n\t\t\t\t\t<h2 class=\"elementor-heading-title elementor-size-default\">Entretien de s\u00e9pulture<\/h2>\t\t\t\t<\/div>\n\t\t\t\t<\/div>\n\t\t\t\t<div class=\"elementor-element elementor-element-8b9511f elementor-widget elementor-widget-text-editor\" data-id=\"8b9511f\" data-element_type=\"widget\" data-e-type=\"widget\" data-widget_type=\"text-editor.default\">\n\t\t\t\t<div class=\"elementor-widget-container\">\n\t\t\t\t\t\t\t\t\t<p>Parce que l\u2019on pas toujours la possibilit\u00e9 d\u2019entretenir la s\u00e9pulture de ses proches, nous vous proposons l\u2019entretien de s\u00e9pultures \u00e0 Dourdan et sa r\u00e9gion.<\/p><p>Nos prestations sont vari\u00e9es : nettoyage de la tombe, entretien et arrosage des plantes, d\u00e9moussage, fleurissement, etc.<\/p><p>Nous vous envoyons une photo par mail apr\u00e8s notre intervention.<\/p>\t\t\t\t\t\t\t\t<\/div>\n\t\t\t\t<\/div>\n\t\t\t\t\t<\/div>\n\t\t<\/div>\n\t\t\t\t\t<\/div>\n\t\t<\/section>\n\t\t\t\t<\/div>\n\t\t","protected":false},"excerpt":{"rendered":"<p>Entretien de s\u00e9pulture Parce que l\u2019on pas toujours la possibilit\u00e9 d\u2019entretenir la s\u00e9pulture de ses proches, nous vous proposons l\u2019entretien de s\u00e9pultures \u00e0 Dourdan et sa r\u00e9gion. Nos prestations sont vari\u00e9es : nettoyage de la tombe, entretien et arrosage des plantes, d\u00e9moussage, fleurissement, etc. Nous vous envoyons une photo par mail apr\u00e8s notre intervention.<\/p>\n","protected":false},"author":2,"featured_media":0,"parent":0,"menu_order":0,"comment_status":"closed","ping_status":"closed","template":"","meta":{"footnotes":""},"folder":[],"class_list":["post-51","page","type-page","status-publish","hentry"],"_links":{"self":[{"href":"https:\/\/pompesfunebresdourdannaises.fr\/index.php\/wp-json\/wp\/v2\/pages\/51","targetHints":{"allow":["GET"]}}],"collection":[{"href":"https:\/\/pompesfunebresdourdannaises.fr\/index.php\/wp-json\/wp\/v2\/pages"}],"about":[{"href":"https:\/\/pompesfunebresdourdannaises.fr\/index.php\/wp-json\/wp\/v2\/types\/page"}],"author":[{"embeddable":true,"href":"https:\/\/pompesfunebresdourdannaises.fr\/index.php\/wp-json\/wp\/v2\/users\/2"}],"replies":[{"embeddable":true,"href":"https:\/\/pompesfunebresdourdannaises.fr\/index.php\/wp-json\/wp\/v2\/comments?post=51"}],"version-history":[{"count":25,"href":"https:\/\/pompesfunebresdourdannaises.fr\/index.php\/wp-json\/wp\/v2\/pages\/51\/revisions"}],"predecessor-version":[{"id":2773,"href":"https:\/\/pompesfunebresdourdannaises.fr\/index.php\/wp-json\/wp\/v2\/pages\/51\/revisions\/2773"}],"wp:attachment":[{"href":"https:\/\/pompesfunebresdourdannaises.fr\/index.php\/wp-json\/wp\/v2\/media?parent=51"}],"wp:term":[{"taxonomy":"folder","embeddable":true,"href":"https:\/\/pompesfunebresdourdannaises.fr\/index.php\/wp-json\/wp\/v2\/folder?post=51"}],"curies":[{"name":"wp","href":"https:\/\/api.w.org\/{rel}","templated":true}]}}