{"id":47,"date":"2022-01-28T08:40:08","date_gmt":"2022-01-28T07:40:08","guid":{"rendered":"https:\/\/pompesfunebresdourdannaises.fr\/?page_id=47"},"modified":"2025-08-22T14:36:51","modified_gmt":"2025-08-22T12:36:51","slug":"les-monuments","status":"publish","type":"page","link":"https:\/\/pompesfunebresdourdannaises.fr\/index.php\/les-monuments\/","title":{"rendered":"Les monuments"},"content":{"rendered":"\t\t<div data-elementor-type=\"wp-page\" data-elementor-id=\"47\" class=\"elementor elementor-47\" data-elementor-post-type=\"page\">\n\t\t\t\t\t\t<section class=\"elementor-section elementor-top-section elementor-element elementor-element-b6ec25e elementor-section-height-min-height elementor-section-boxed elementor-section-height-default elementor-section-items-middle\" data-id=\"b6ec25e\" data-element_type=\"section\" data-e-type=\"section\" data-settings=\"{&quot;background_background&quot;:&quot;classic&quot;}\">\n\t\t\t\t\t\t<div class=\"elementor-container elementor-column-gap-default\">\n\t\t\t\t\t<div class=\"elementor-column elementor-col-100 elementor-top-column elementor-element elementor-element-273ff70\" data-id=\"273ff70\" data-element_type=\"column\" data-e-type=\"column\">\n\t\t\t<div class=\"elementor-widget-wrap elementor-element-populated\">\n\t\t\t\t\t\t<div class=\"elementor-element elementor-element-65e00be elementor-widget elementor-widget-heading\" data-id=\"65e00be\" data-element_type=\"widget\" data-e-type=\"widget\" data-widget_type=\"heading.default\">\n\t\t\t\t<div class=\"elementor-widget-container\">\n\t\t\t\t\t<h2 class=\"elementor-heading-title elementor-size-default\">Les monuments<\/h2>\t\t\t\t<\/div>\n\t\t\t\t<\/div>\n\t\t\t\t<div class=\"elementor-element elementor-element-542c8c2 elementor-widget elementor-widget-text-editor\" data-id=\"542c8c2\" data-element_type=\"widget\" data-e-type=\"widget\" data-widget_type=\"text-editor.default\">\n\t\t\t\t<div class=\"elementor-widget-container\">\n\t\t\t\t\t\t\t\t\t<p>Nous proposons un large choix de monuments fun\u00e9raires destin\u00e9s \u00e0 perp\u00e9tuer la m\u00e9moire d\u2019un \u00eatre cher et r\u00e9alisons un large choix de travaux de cimeti\u00e8re :<\/p>\t\t\t\t\t\t\t\t<\/div>\n\t\t\t\t<\/div>\n\t\t\t\t<div class=\"elementor-element elementor-element-9d20435 elementor-icon-list--layout-traditional elementor-list-item-link-full_width elementor-widget elementor-widget-icon-list\" data-id=\"9d20435\" data-element_type=\"widget\" data-e-type=\"widget\" data-widget_type=\"icon-list.default\">\n\t\t\t\t<div class=\"elementor-widget-container\">\n\t\t\t\t\t\t\t<ul class=\"elementor-icon-list-items\">\n\t\t\t\t\t\t\t<li class=\"elementor-icon-list-item\">\n\t\t\t\t\t\t\t\t\t\t\t<span class=\"elementor-icon-list-icon\">\n\t\t\t\t\t\t\t<i aria-hidden=\"true\" class=\"far fa-dot-circle\"><\/i>\t\t\t\t\t\t<\/span>\n\t\t\t\t\t\t\t\t\t\t<span class=\"elementor-icon-list-text\">Pose de monuments<\/span>\n\t\t\t\t\t\t\t\t\t<\/li>\n\t\t\t\t\t\t\t\t<li class=\"elementor-icon-list-item\">\n\t\t\t\t\t\t\t\t\t\t\t<span class=\"elementor-icon-list-icon\">\n\t\t\t\t\t\t\t<i aria-hidden=\"true\" class=\"far fa-dot-circle\"><\/i>\t\t\t\t\t\t<\/span>\n\t\t\t\t\t\t\t\t\t\t<span class=\"elementor-icon-list-text\">Pose de caveaux<\/span>\n\t\t\t\t\t\t\t\t\t<\/li>\n\t\t\t\t\t\t\t\t<li class=\"elementor-icon-list-item\">\n\t\t\t\t\t\t\t\t\t\t\t<span class=\"elementor-icon-list-icon\">\n\t\t\t\t\t\t\t<i aria-hidden=\"true\" class=\"far fa-dot-circle\"><\/i>\t\t\t\t\t\t<\/span>\n\t\t\t\t\t\t\t\t\t\t<span class=\"elementor-icon-list-text\">Ouverture \/ fermeture de caveaux<\/span>\n\t\t\t\t\t\t\t\t\t<\/li>\n\t\t\t\t\t\t\t\t<li class=\"elementor-icon-list-item\">\n\t\t\t\t\t\t\t\t\t\t\t<span class=\"elementor-icon-list-icon\">\n\t\t\t\t\t\t\t<i aria-hidden=\"true\" class=\"far fa-dot-circle\"><\/i>\t\t\t\t\t\t<\/span>\n\t\t\t\t\t\t\t\t\t\t<span class=\"elementor-icon-list-text\">Entretien de s\u00e9pultures<\/span>\n\t\t\t\t\t\t\t\t\t<\/li>\n\t\t\t\t\t\t\t\t<li class=\"elementor-icon-list-item\">\n\t\t\t\t\t\t\t\t\t\t\t<span class=\"elementor-icon-list-icon\">\n\t\t\t\t\t\t\t<i aria-hidden=\"true\" class=\"far fa-dot-circle\"><\/i>\t\t\t\t\t\t<\/span>\n\t\t\t\t\t\t\t\t\t\t<span class=\"elementor-icon-list-text\">Restauration de s\u00e9pultures<\/span>\n\t\t\t\t\t\t\t\t\t<\/li>\n\t\t\t\t\t\t\t\t<li class=\"elementor-icon-list-item\">\n\t\t\t\t\t\t\t\t\t\t\t<span class=\"elementor-icon-list-icon\">\n\t\t\t\t\t\t\t<i aria-hidden=\"true\" class=\"far fa-dot-circle\"><\/i>\t\t\t\t\t\t<\/span>\n\t\t\t\t\t\t\t\t\t\t<span class=\"elementor-icon-list-text\">Gravures personnalis\u00e9es<\/span>\n\t\t\t\t\t\t\t\t\t<\/li>\n\t\t\t\t\t\t\t\t<li class=\"elementor-icon-list-item\">\n\t\t\t\t\t\t\t\t\t\t\t<span class=\"elementor-icon-list-icon\">\n\t\t\t\t\t\t\t<i aria-hidden=\"true\" class=\"far fa-dot-circle\"><\/i>\t\t\t\t\t\t<\/span>\n\t\t\t\t\t\t\t\t\t\t<span class=\"elementor-icon-list-text\">Sp\u00e9cialiste de lithogravures<\/span>\n\t\t\t\t\t\t\t\t\t<\/li>\n\t\t\t\t\t\t\t\t<li class=\"elementor-icon-list-item\">\n\t\t\t\t\t\t\t\t\t\t\t<span class=\"elementor-icon-list-icon\">\n\t\t\t\t\t\t\t<i aria-hidden=\"true\" class=\"far fa-dot-circle\"><\/i>\t\t\t\t\t\t<\/span>\n\t\t\t\t\t\t\t\t\t\t<span class=\"elementor-icon-list-text\">Rechampissage<\/span>\n\t\t\t\t\t\t\t\t\t<\/li>\n\t\t\t\t\t\t<\/ul>\n\t\t\t\t\t\t<\/div>\n\t\t\t\t<\/div>\n\t\t\t\t<div class=\"elementor-element elementor-element-5c19db2 elementor-widget elementor-widget-text-editor\" data-id=\"5c19db2\" data-element_type=\"widget\" data-e-type=\"widget\" data-widget_type=\"text-editor.default\">\n\t\t\t\t<div class=\"elementor-widget-container\">\n\t\t\t\t\t\t\t\t\t<p>St\u00e8les et motifs prot\u00e9g\u00e9s, conform\u00e9ment au code de la propri\u00e9t\u00e9 intellectuelle et aux conditions internationales sur les droits d\u2019auteur.<\/p>\t\t\t\t\t\t\t\t<\/div>\n\t\t\t\t<\/div>\n\t\t\t\t<div class=\"elementor-element elementor-element-46bfd10 elementor-widget elementor-widget-gallery\" data-id=\"46bfd10\" data-element_type=\"widget\" data-e-type=\"widget\" data-settings=\"{&quot;gallery_layout&quot;:&quot;masonry&quot;,&quot;columns&quot;:3,&quot;image_hover_animation&quot;:&quot;grow&quot;,&quot;gap&quot;:{&quot;unit&quot;:&quot;px&quot;,&quot;size&quot;:20,&quot;sizes&quot;:[]},&quot;content_sequenced_animation&quot;:&quot;yes&quot;,&quot;lazyload&quot;:&quot;yes&quot;,&quot;columns_tablet&quot;:2,&quot;columns_mobile&quot;:1,&quot;gap_tablet&quot;:{&quot;unit&quot;:&quot;px&quot;,&quot;size&quot;:10,&quot;sizes&quot;:[]},&quot;gap_mobile&quot;:{&quot;unit&quot;:&quot;px&quot;,&quot;size&quot;:10,&quot;sizes&quot;:[]},&quot;link_to&quot;:&quot;file&quot;,&quot;content_hover_animation&quot;:&quot;fade-in&quot;}\" data-widget_type=\"gallery.default\">\n\t\t\t\t<div class=\"elementor-widget-container\">\n\t\t\t\t\t\t\t<div class=\"elementor-gallery__container\">\n\t\t\t\t\t\t\t<a class=\"e-gallery-item elementor-gallery-item elementor-animated-content\" href=\"https:\/\/pompesfunebresdourdannaises.fr\/wp-content\/uploads\/2022\/02\/299AR99_BL.jpg\" data-elementor-open-lightbox=\"yes\" data-elementor-lightbox-slideshow=\"46bfd10\" data-elementor-lightbox-title=\"Monument\" data-e-action-hash=\"#elementor-action%3Aaction%3Dlightbox%26settings%3DeyJpZCI6MTMxMSwidXJsIjoiaHR0cHM6XC9cL3BvbXBlc2Z1bmVicmVzZG91cmRhbm5haXNlcy5mclwvd3AtY29udGVudFwvdXBsb2Fkc1wvMjAyMlwvMDJcLzI5OUFSOTlfQkwuanBnIiwic2xpZGVzaG93IjoiNDZiZmQxMCJ9\">\n\t\t\t\t\t<div class=\"e-gallery-image elementor-gallery-item__image\" data-thumbnail=\"https:\/\/pompesfunebresdourdannaises.fr\/wp-content\/uploads\/2022\/02\/299AR99_BL-768x559.jpg\" data-width=\"768\" data-height=\"559\" aria-label=\"\" role=\"img\" ><\/div>\n\t\t\t\t\t\t\t\t\t\t\t\t\t\t<\/a>\n\t\t\t\t\t\t\t<a class=\"e-gallery-item elementor-gallery-item elementor-animated-content\" href=\"https:\/\/pompesfunebresdourdannaises.fr\/wp-content\/uploads\/2022\/02\/306NJ06_TG_NF.jpg\" data-elementor-open-lightbox=\"yes\" data-elementor-lightbox-slideshow=\"46bfd10\" data-elementor-lightbox-title=\"Monument\" data-e-action-hash=\"#elementor-action%3Aaction%3Dlightbox%26settings%3DeyJpZCI6MTMxMiwidXJsIjoiaHR0cHM6XC9cL3BvbXBlc2Z1bmVicmVzZG91cmRhbm5haXNlcy5mclwvd3AtY29udGVudFwvdXBsb2Fkc1wvMjAyMlwvMDJcLzMwNk5KMDZfVEdfTkYuanBnIiwic2xpZGVzaG93IjoiNDZiZmQxMCJ9\">\n\t\t\t\t\t<div class=\"e-gallery-image elementor-gallery-item__image\" data-thumbnail=\"https:\/\/pompesfunebresdourdannaises.fr\/wp-content\/uploads\/2022\/02\/306NJ06_TG_NF-768x559.jpg\" data-width=\"768\" data-height=\"559\" aria-label=\"\" role=\"img\" ><\/div>\n\t\t\t\t\t\t\t\t\t\t\t\t\t\t<\/a>\n\t\t\t\t\t\t\t<a class=\"e-gallery-item elementor-gallery-item elementor-animated-content\" href=\"https:\/\/pompesfunebresdourdannaises.fr\/wp-content\/uploads\/2022\/02\/308WJ08_VB_VW_A168.jpg\" data-elementor-open-lightbox=\"yes\" data-elementor-lightbox-slideshow=\"46bfd10\" data-elementor-lightbox-title=\"Monument\" data-e-action-hash=\"#elementor-action%3Aaction%3Dlightbox%26settings%3DeyJpZCI6MTMxMywidXJsIjoiaHR0cHM6XC9cL3BvbXBlc2Z1bmVicmVzZG91cmRhbm5haXNlcy5mclwvd3AtY29udGVudFwvdXBsb2Fkc1wvMjAyMlwvMDJcLzMwOFdKMDhfVkJfVldfQTE2OC5qcGciLCJzbGlkZXNob3ciOiI0NmJmZDEwIn0%3D\">\n\t\t\t\t\t<div class=\"e-gallery-image elementor-gallery-item__image\" data-thumbnail=\"https:\/\/pompesfunebresdourdannaises.fr\/wp-content\/uploads\/2022\/02\/308WJ08_VB_VW_A168-768x559.jpg\" data-width=\"768\" data-height=\"559\" aria-label=\"\" role=\"img\" ><\/div>\n\t\t\t\t\t\t\t\t\t\t\t\t\t\t<\/a>\n\t\t\t\t\t\t\t<a class=\"e-gallery-item elementor-gallery-item elementor-animated-content\" href=\"https:\/\/pompesfunebresdourdannaises.fr\/wp-content\/uploads\/2022\/02\/453IK53_KU_ID.jpg\" data-elementor-open-lightbox=\"yes\" data-elementor-lightbox-slideshow=\"46bfd10\" data-elementor-lightbox-title=\"Monument\" data-e-action-hash=\"#elementor-action%3Aaction%3Dlightbox%26settings%3DeyJpZCI6MTMxNCwidXJsIjoiaHR0cHM6XC9cL3BvbXBlc2Z1bmVicmVzZG91cmRhbm5haXNlcy5mclwvd3AtY29udGVudFwvdXBsb2Fkc1wvMjAyMlwvMDJcLzQ1M0lLNTNfS1VfSUQuanBnIiwic2xpZGVzaG93IjoiNDZiZmQxMCJ9\">\n\t\t\t\t\t<div class=\"e-gallery-image elementor-gallery-item__image\" data-thumbnail=\"https:\/\/pompesfunebresdourdannaises.fr\/wp-content\/uploads\/2022\/02\/453IK53_KU_ID-768x559.jpg\" data-width=\"768\" data-height=\"559\" aria-label=\"\" role=\"img\" ><\/div>\n\t\t\t\t\t\t\t\t\t\t\t\t\t\t<\/a>\n\t\t\t\t\t\t\t<a class=\"e-gallery-item elementor-gallery-item elementor-animated-content\" href=\"https:\/\/pompesfunebresdourdannaises.fr\/wp-content\/uploads\/2022\/02\/454I_HO_ID_ACI6.jpg\" data-elementor-open-lightbox=\"yes\" data-elementor-lightbox-slideshow=\"46bfd10\" data-elementor-lightbox-title=\"Monument\" data-e-action-hash=\"#elementor-action%3Aaction%3Dlightbox%26settings%3DeyJpZCI6MTMxNSwidXJsIjoiaHR0cHM6XC9cL3BvbXBlc2Z1bmVicmVzZG91cmRhbm5haXNlcy5mclwvd3AtY29udGVudFwvdXBsb2Fkc1wvMjAyMlwvMDJcLzQ1NElfSE9fSURfQUNJNi5qcGciLCJzbGlkZXNob3ciOiI0NmJmZDEwIn0%3D\">\n\t\t\t\t\t<div class=\"e-gallery-image elementor-gallery-item__image\" data-thumbnail=\"https:\/\/pompesfunebresdourdannaises.fr\/wp-content\/uploads\/2022\/02\/454I_HO_ID_ACI6-768x559.jpg\" data-width=\"768\" data-height=\"559\" aria-label=\"\" role=\"img\" ><\/div>\n\t\t\t\t\t\t\t\t\t\t\t\t\t\t<\/a>\n\t\t\t\t\t\t\t<a class=\"e-gallery-item elementor-gallery-item elementor-animated-content\" href=\"https:\/\/pompesfunebresdourdannaises.fr\/wp-content\/uploads\/2022\/02\/A_MNT_435_K35_CJ_NF.jpg\" data-elementor-open-lightbox=\"yes\" data-elementor-lightbox-slideshow=\"46bfd10\" data-elementor-lightbox-title=\"Monument\" data-e-action-hash=\"#elementor-action%3Aaction%3Dlightbox%26settings%3DeyJpZCI6MTMxNiwidXJsIjoiaHR0cHM6XC9cL3BvbXBlc2Z1bmVicmVzZG91cmRhbm5haXNlcy5mclwvd3AtY29udGVudFwvdXBsb2Fkc1wvMjAyMlwvMDJcL0FfTU5UXzQzNV9LMzVfQ0pfTkYuanBnIiwic2xpZGVzaG93IjoiNDZiZmQxMCJ9\">\n\t\t\t\t\t<div class=\"e-gallery-image elementor-gallery-item__image\" data-thumbnail=\"https:\/\/pompesfunebresdourdannaises.fr\/wp-content\/uploads\/2022\/02\/A_MNT_435_K35_CJ_NF-768x559.jpg\" data-width=\"768\" data-height=\"559\" aria-label=\"\" role=\"img\" ><\/div>\n\t\t\t\t\t\t\t\t\t\t\t\t\t\t<\/a>\n\t\t\t\t\t\t\t<a class=\"e-gallery-item elementor-gallery-item elementor-animated-content\" href=\"https:\/\/pompesfunebresdourdannaises.fr\/wp-content\/uploads\/2022\/02\/449NK49_TG_NF_A_Rendus-Manon.jpg\" data-elementor-open-lightbox=\"yes\" data-elementor-lightbox-slideshow=\"46bfd10\" data-elementor-lightbox-title=\"Monument\" data-e-action-hash=\"#elementor-action%3Aaction%3Dlightbox%26settings%3DeyJpZCI6MTMxOCwidXJsIjoiaHR0cHM6XC9cL3BvbXBlc2Z1bmVicmVzZG91cmRhbm5haXNlcy5mclwvd3AtY29udGVudFwvdXBsb2Fkc1wvMjAyMlwvMDJcLzQ0OU5LNDlfVEdfTkZfQV9SZW5kdXMtTWFub24uanBnIiwic2xpZGVzaG93IjoiNDZiZmQxMCJ9\">\n\t\t\t\t\t<div class=\"e-gallery-image elementor-gallery-item__image\" data-thumbnail=\"https:\/\/pompesfunebresdourdannaises.fr\/wp-content\/uploads\/2022\/02\/449NK49_TG_NF_A_Rendus-Manon-768x559.jpg\" data-width=\"768\" data-height=\"559\" aria-label=\"\" role=\"img\" ><\/div>\n\t\t\t\t\t\t\t\t\t\t\t\t\t\t<\/a>\n\t\t\t\t\t\t\t<a class=\"e-gallery-item elementor-gallery-item elementor-animated-content\" href=\"https:\/\/pompesfunebresdourdannaises.fr\/wp-content\/uploads\/2022\/02\/408AR08_KU_NF.jpg\" data-elementor-open-lightbox=\"yes\" data-elementor-lightbox-slideshow=\"46bfd10\" data-elementor-lightbox-title=\"Monument\" data-e-action-hash=\"#elementor-action%3Aaction%3Dlightbox%26settings%3DeyJpZCI6MTMxOSwidXJsIjoiaHR0cHM6XC9cL3BvbXBlc2Z1bmVicmVzZG91cmRhbm5haXNlcy5mclwvd3AtY29udGVudFwvdXBsb2Fkc1wvMjAyMlwvMDJcLzQwOEFSMDhfS1VfTkYuanBnIiwic2xpZGVzaG93IjoiNDZiZmQxMCJ9\">\n\t\t\t\t\t<div class=\"e-gallery-image elementor-gallery-item__image\" data-thumbnail=\"https:\/\/pompesfunebresdourdannaises.fr\/wp-content\/uploads\/2022\/02\/408AR08_KU_NF-768x559.jpg\" data-width=\"768\" data-height=\"559\" aria-label=\"\" role=\"img\" ><\/div>\n\t\t\t\t\t\t\t\t\t\t\t\t\t\t<\/a>\n\t\t\t\t\t\t\t<a class=\"e-gallery-item elementor-gallery-item elementor-animated-content\" href=\"https:\/\/pompesfunebresdourdannaises.fr\/wp-content\/uploads\/2022\/02\/A_MNT_437N_K37KU_NF_A163_L123-SiteWeb2.png\" data-elementor-open-lightbox=\"yes\" data-elementor-lightbox-slideshow=\"46bfd10\" data-elementor-lightbox-title=\"Monument\" data-e-action-hash=\"#elementor-action%3Aaction%3Dlightbox%26settings%3DeyJpZCI6MTk1MywidXJsIjoiaHR0cHM6XC9cL3BvbXBlc2Z1bmVicmVzZG91cmRhbm5haXNlcy5mclwvd3AtY29udGVudFwvdXBsb2Fkc1wvMjAyMlwvMDJcL0FfTU5UXzQzN05fSzM3S1VfTkZfQTE2M19MMTIzLVNpdGVXZWIyLnBuZyIsInNsaWRlc2hvdyI6IjQ2YmZkMTAifQ%3D%3D\">\n\t\t\t\t\t<div class=\"e-gallery-image elementor-gallery-item__image\" data-thumbnail=\"https:\/\/pompesfunebresdourdannaises.fr\/wp-content\/uploads\/2022\/02\/A_MNT_437N_K37KU_NF_A163_L123-SiteWeb2-768x559.png\" data-width=\"768\" data-height=\"559\" aria-label=\"\" role=\"img\" ><\/div>\n\t\t\t\t\t\t\t\t\t\t\t\t\t\t<\/a>\n\t\t\t\t\t<\/div>\n\t\t\t\t\t<\/div>\n\t\t\t\t<\/div>\n\t\t\t\t\t<\/div>\n\t\t<\/div>\n\t\t\t\t\t<\/div>\n\t\t<\/section>\n\t\t<div class=\"elementor-element elementor-element-3a0eaad e-flex e-con-boxed e-con e-parent\" data-id=\"3a0eaad\" data-element_type=\"container\" data-e-type=\"container\">\n\t\t\t\t\t<div class=\"e-con-inner\">\n\t\t<div class=\"elementor-element elementor-element-5431f28 e-con-full e-flex e-con e-child\" data-id=\"5431f28\" data-element_type=\"container\" data-e-type=\"container\">\n\t\t\t\t<div class=\"elementor-element elementor-element-4561645 elementor-widget elementor-widget-heading\" data-id=\"4561645\" data-element_type=\"widget\" data-e-type=\"widget\" data-widget_type=\"heading.default\">\n\t\t\t\t<div class=\"elementor-widget-container\">\n\t\t\t\t\t<h5 class=\"elementor-heading-title elementor-size-default\">Nos r\u00e9alisations<\/h5>\t\t\t\t<\/div>\n\t\t\t\t<\/div>\n\t\t\t\t<div class=\"elementor-element elementor-element-c27991a elementor-widget elementor-widget-text-editor\" data-id=\"c27991a\" data-element_type=\"widget\" data-e-type=\"widget\" data-widget_type=\"text-editor.default\">\n\t\t\t\t<div class=\"elementor-widget-container\">\n\t\t\t\t\t\t\t\t\t<p>Pour tous travaux de cimeti\u00e8re, nous sommes \u00e0 votre \u00e9coute \u00e0 la marbrerie de Dourdan.<\/p><p>Contactez-nous pour toutes demandes de devis.<\/p>\t\t\t\t\t\t\t\t<\/div>\n\t\t\t\t<\/div>\n\t\t<div class=\"elementor-element elementor-element-5ab4d3b e-con-full e-flex e-con e-child\" data-id=\"5ab4d3b\" data-element_type=\"container\" data-e-type=\"container\">\n\t\t\t\t<div class=\"elementor-element elementor-element-29d1e56 elementor-arrows-position-inside elementor-pagination-position-outside elementor-widget elementor-widget-image-carousel\" data-id=\"29d1e56\" data-element_type=\"widget\" data-e-type=\"widget\" data-settings=\"{&quot;slides_to_show&quot;:&quot;1&quot;,&quot;navigation&quot;:&quot;both&quot;,&quot;autoplay&quot;:&quot;yes&quot;,&quot;pause_on_hover&quot;:&quot;yes&quot;,&quot;pause_on_interaction&quot;:&quot;yes&quot;,&quot;autoplay_speed&quot;:5000,&quot;infinite&quot;:&quot;yes&quot;,&quot;effect&quot;:&quot;slide&quot;,&quot;speed&quot;:500}\" data-widget_type=\"image-carousel.default\">\n\t\t\t\t<div class=\"elementor-widget-container\">\n\t\t\t\t\t\t\t<div class=\"elementor-image-carousel-wrapper swiper\" role=\"region\" aria-roledescription=\"carousel\" aria-label=\"Carrousel d\u2019images\" dir=\"ltr\">\n\t\t\t<div class=\"elementor-image-carousel swiper-wrapper\" aria-live=\"off\">\n\t\t\t\t\t\t\t\t<div class=\"swiper-slide\" role=\"group\" aria-roledescription=\"slide\" aria-label=\"1 sur 14\"><figure class=\"swiper-slide-inner\"><img decoding=\"async\" class=\"swiper-slide-image\" src=\"https:\/\/pompesfunebresdourdannaises.fr\/wp-content\/uploads\/2025\/08\/realisation-monument-03.jpg\" alt=\"realisation monument 03\" \/><\/figure><\/div><div class=\"swiper-slide\" role=\"group\" aria-roledescription=\"slide\" aria-label=\"2 sur 14\"><figure class=\"swiper-slide-inner\"><img decoding=\"async\" class=\"swiper-slide-image\" src=\"https:\/\/pompesfunebresdourdannaises.fr\/wp-content\/uploads\/2025\/08\/realisation-monument-02.jpg\" alt=\"realisation monument 02\" \/><\/figure><\/div><div class=\"swiper-slide\" role=\"group\" aria-roledescription=\"slide\" aria-label=\"3 sur 14\"><figure class=\"swiper-slide-inner\"><img decoding=\"async\" class=\"swiper-slide-image\" src=\"https:\/\/pompesfunebresdourdannaises.fr\/wp-content\/uploads\/2025\/08\/realisation-monument-01.jpg\" alt=\"realisation monument 01\" \/><\/figure><\/div><div class=\"swiper-slide\" role=\"group\" aria-roledescription=\"slide\" aria-label=\"4 sur 14\"><figure class=\"swiper-slide-inner\"><img decoding=\"async\" class=\"swiper-slide-image\" src=\"https:\/\/pompesfunebresdourdannaises.fr\/wp-content\/uploads\/2025\/08\/realisation-monument-04-1.jpg\" alt=\"realisation monument 04-1\" \/><\/figure><\/div><div class=\"swiper-slide\" role=\"group\" aria-roledescription=\"slide\" aria-label=\"5 sur 14\"><figure class=\"swiper-slide-inner\"><img decoding=\"async\" class=\"swiper-slide-image\" src=\"https:\/\/pompesfunebresdourdannaises.fr\/wp-content\/uploads\/2025\/08\/realisation-monument-07.jpg\" alt=\"realisation monument 07\" \/><\/figure><\/div><div class=\"swiper-slide\" role=\"group\" aria-roledescription=\"slide\" aria-label=\"6 sur 14\"><figure class=\"swiper-slide-inner\"><img decoding=\"async\" class=\"swiper-slide-image\" src=\"https:\/\/pompesfunebresdourdannaises.fr\/wp-content\/uploads\/2025\/08\/realisation-monument-06.jpg\" alt=\"realisation monument 06\" \/><\/figure><\/div><div class=\"swiper-slide\" role=\"group\" aria-roledescription=\"slide\" aria-label=\"7 sur 14\"><figure class=\"swiper-slide-inner\"><img decoding=\"async\" class=\"swiper-slide-image\" src=\"https:\/\/pompesfunebresdourdannaises.fr\/wp-content\/uploads\/2025\/08\/realisation-monument-05.jpg\" alt=\"realisation monument 05\" \/><\/figure><\/div><div class=\"swiper-slide\" role=\"group\" aria-roledescription=\"slide\" aria-label=\"8 sur 14\"><figure class=\"swiper-slide-inner\"><img decoding=\"async\" class=\"swiper-slide-image\" src=\"https:\/\/pompesfunebresdourdannaises.fr\/wp-content\/uploads\/2025\/08\/realisation-monument-12.jpg\" alt=\"realisation monument 12\" \/><\/figure><\/div><div class=\"swiper-slide\" role=\"group\" aria-roledescription=\"slide\" aria-label=\"9 sur 14\"><figure class=\"swiper-slide-inner\"><img decoding=\"async\" class=\"swiper-slide-image\" src=\"https:\/\/pompesfunebresdourdannaises.fr\/wp-content\/uploads\/2025\/08\/realisation-monument-13.jpg\" alt=\"realisation monument 13\" \/><\/figure><\/div><div class=\"swiper-slide\" role=\"group\" aria-roledescription=\"slide\" aria-label=\"10 sur 14\"><figure class=\"swiper-slide-inner\"><img decoding=\"async\" class=\"swiper-slide-image\" src=\"https:\/\/pompesfunebresdourdannaises.fr\/wp-content\/uploads\/2025\/08\/realisation-monument-11.jpg\" alt=\"realisation monument 11\" \/><\/figure><\/div><div class=\"swiper-slide\" role=\"group\" aria-roledescription=\"slide\" aria-label=\"11 sur 14\"><figure class=\"swiper-slide-inner\"><img decoding=\"async\" class=\"swiper-slide-image\" src=\"https:\/\/pompesfunebresdourdannaises.fr\/wp-content\/uploads\/2025\/08\/realisation-monument-10.jpg\" alt=\"realisation monument 10\" \/><\/figure><\/div><div class=\"swiper-slide\" role=\"group\" aria-roledescription=\"slide\" aria-label=\"12 sur 14\"><figure class=\"swiper-slide-inner\"><img decoding=\"async\" class=\"swiper-slide-image\" src=\"https:\/\/pompesfunebresdourdannaises.fr\/wp-content\/uploads\/2025\/08\/realisation-monument-09.jpg\" alt=\"realisation monument 09\" \/><\/figure><\/div><div class=\"swiper-slide\" role=\"group\" aria-roledescription=\"slide\" aria-label=\"13 sur 14\"><figure class=\"swiper-slide-inner\"><img decoding=\"async\" class=\"swiper-slide-image\" src=\"https:\/\/pompesfunebresdourdannaises.fr\/wp-content\/uploads\/2025\/08\/realisation-monument-08.jpg\" alt=\"realisation monument 08\" \/><\/figure><\/div><div class=\"swiper-slide\" role=\"group\" aria-roledescription=\"slide\" aria-label=\"14 sur 14\"><figure class=\"swiper-slide-inner\"><img decoding=\"async\" class=\"swiper-slide-image\" src=\"https:\/\/pompesfunebresdourdannaises.fr\/wp-content\/uploads\/2025\/08\/realisation-monument-14.jpg\" alt=\"realisation monument 14\" \/><\/figure><\/div>\t\t\t<\/div>\n\t\t\t\t\t\t\t\t\t\t\t\t<div class=\"elementor-swiper-button elementor-swiper-button-prev\" role=\"button\" tabindex=\"0\">\n\t\t\t\t\t\t<i aria-hidden=\"true\" class=\"eicon-chevron-left\"><\/i>\t\t\t\t\t<\/div>\n\t\t\t\t\t<div class=\"elementor-swiper-button elementor-swiper-button-next\" role=\"button\" tabindex=\"0\">\n\t\t\t\t\t\t<i aria-hidden=\"true\" class=\"eicon-chevron-right\"><\/i>\t\t\t\t\t<\/div>\n\t\t\t\t\n\t\t\t\t\t\t\t\t\t<div class=\"swiper-pagination\"><\/div>\n\t\t\t\t\t\t\t\t\t<\/div>\n\t\t\t\t\t\t<\/div>\n\t\t\t\t<\/div>\n\t\t\t\t<\/div>\n\t\t\t\t<\/div>\n\t\t\t\t\t<\/div>\n\t\t\t\t<\/div>\n\t\t\t\t<section class=\"elementor-section elementor-top-section elementor-element elementor-element-cc5220c elementor-section-boxed elementor-section-height-default elementor-section-height-default\" data-id=\"cc5220c\" data-element_type=\"section\" data-e-type=\"section\">\n\t\t\t\t\t\t<div class=\"elementor-container elementor-column-gap-default\">\n\t\t\t\t\t<div class=\"elementor-column elementor-col-100 elementor-top-column elementor-element elementor-element-52e1bd6\" data-id=\"52e1bd6\" data-element_type=\"column\" data-e-type=\"column\">\n\t\t\t<div class=\"elementor-widget-wrap elementor-element-populated\">\n\t\t\t\t\t\t<div class=\"elementor-element elementor-element-846d1b5 elementor-widget elementor-widget-image\" data-id=\"846d1b5\" data-element_type=\"widget\" data-e-type=\"widget\" data-widget_type=\"image.default\">\n\t\t\t\t<div class=\"elementor-widget-container\">\n\t\t\t\t\t\t\t\t\t\t\t\t\t\t\t\t<a href=\"https:\/\/configurateur.famille.gpggranit.com\/famille\/CA101448?utm_medium=PF%20DOURDANNAISES&#038;utm_source=c-f\" target=\"_blank\" rel=\"noopener\">\n\t\t\t\t\t\t\t<img fetchpriority=\"high\" decoding=\"async\" width=\"1191\" height=\"376\" src=\"https:\/\/pompesfunebresdourdannaises.fr\/wp-content\/uploads\/2022\/02\/creer_votre_monument.png\" class=\"attachment-full size-full wp-image-1140\" alt=\"\" srcset=\"https:\/\/pompesfunebresdourdannaises.fr\/wp-content\/uploads\/2022\/02\/creer_votre_monument.png 1191w, https:\/\/pompesfunebresdourdannaises.fr\/wp-content\/uploads\/2022\/02\/creer_votre_monument-300x95.png 300w, https:\/\/pompesfunebresdourdannaises.fr\/wp-content\/uploads\/2022\/02\/creer_votre_monument-1024x323.png 1024w, https:\/\/pompesfunebresdourdannaises.fr\/wp-content\/uploads\/2022\/02\/creer_votre_monument-768x242.png 768w\" sizes=\"(max-width: 1191px) 100vw, 1191px\" \/>\t\t\t\t\t\t\t\t<\/a>\n\t\t\t\t\t\t\t\t\t\t\t\t\t\t\t<\/div>\n\t\t\t\t<\/div>\n\t\t\t\t\t<\/div>\n\t\t<\/div>\n\t\t\t\t\t<\/div>\n\t\t<\/section>\n\t\t\t\t<\/div>\n\t\t","protected":false},"excerpt":{"rendered":"<p>Les monuments Nous proposons un large choix de monuments fun\u00e9raires destin\u00e9s \u00e0 perp\u00e9tuer la m\u00e9moire d\u2019un \u00eatre cher et r\u00e9alisons un large choix de travaux de cimeti\u00e8re : Pose de monuments Pose de caveaux Ouverture \/ fermeture de caveaux Entretien de s\u00e9pultures Restauration de s\u00e9pultures Gravures personnalis\u00e9es Sp\u00e9cialiste de lithogravures Rechampissage St\u00e8les et motifs prot\u00e9g\u00e9s, [&hellip;]<\/p>\n","protected":false},"author":2,"featured_media":0,"parent":0,"menu_order":0,"comment_status":"closed","ping_status":"closed","template":"","meta":{"footnotes":""},"folder":[],"class_list":["post-47","page","type-page","status-publish","hentry"],"_links":{"self":[{"href":"https:\/\/pompesfunebresdourdannaises.fr\/index.php\/wp-json\/wp\/v2\/pages\/47","targetHints":{"allow":["GET"]}}],"collection":[{"href":"https:\/\/pompesfunebresdourdannaises.fr\/index.php\/wp-json\/wp\/v2\/pages"}],"about":[{"href":"https:\/\/pompesfunebresdourdannaises.fr\/index.php\/wp-json\/wp\/v2\/types\/page"}],"author":[{"embeddable":true,"href":"https:\/\/pompesfunebresdourdannaises.fr\/index.php\/wp-json\/wp\/v2\/users\/2"}],"replies":[{"embeddable":true,"href":"https:\/\/pompesfunebresdourdannaises.fr\/index.php\/wp-json\/wp\/v2\/comments?post=47"}],"version-history":[{"count":109,"href":"https:\/\/pompesfunebresdourdannaises.fr\/index.php\/wp-json\/wp\/v2\/pages\/47\/revisions"}],"predecessor-version":[{"id":3052,"href":"https:\/\/pompesfunebresdourdannaises.fr\/index.php\/wp-json\/wp\/v2\/pages\/47\/revisions\/3052"}],"wp:attachment":[{"href":"https:\/\/pompesfunebresdourdannaises.fr\/index.php\/wp-json\/wp\/v2\/media?parent=47"}],"wp:term":[{"taxonomy":"folder","embeddable":true,"href":"https:\/\/pompesfunebresdourdannaises.fr\/index.php\/wp-json\/wp\/v2\/folder?post=47"}],"curies":[{"name":"wp","href":"https:\/\/api.w.org\/{rel}","templated":true}]}}