{"id":39,"date":"2022-01-28T08:39:02","date_gmt":"2022-01-28T07:39:02","guid":{"rendered":"https:\/\/pompesfunebresdourdannaises.fr\/?page_id=39"},"modified":"2025-08-25T11:44:22","modified_gmt":"2025-08-25T09:44:22","slug":"nos-cercueils","status":"publish","type":"page","link":"https:\/\/pompesfunebresdourdannaises.fr\/index.php\/nos-cercueils\/","title":{"rendered":"Nos cercueils"},"content":{"rendered":"\t\t<div data-elementor-type=\"wp-page\" data-elementor-id=\"39\" class=\"elementor elementor-39\" data-elementor-post-type=\"page\">\n\t\t\t\t\t\t<section class=\"elementor-section elementor-top-section elementor-element elementor-element-7b834d1 elementor-section-height-min-height elementor-section-boxed elementor-section-height-default elementor-section-items-middle\" data-id=\"7b834d1\" data-element_type=\"section\" data-e-type=\"section\" data-settings=\"{&quot;background_background&quot;:&quot;classic&quot;}\">\n\t\t\t\t\t\t<div class=\"elementor-container elementor-column-gap-default\">\n\t\t\t\t\t<div class=\"elementor-column elementor-col-100 elementor-top-column elementor-element elementor-element-d5fd7fc\" data-id=\"d5fd7fc\" data-element_type=\"column\" data-e-type=\"column\">\n\t\t\t<div class=\"elementor-widget-wrap elementor-element-populated\">\n\t\t\t\t\t\t<div class=\"elementor-element elementor-element-bd424c5 elementor-widget elementor-widget-heading\" data-id=\"bd424c5\" data-element_type=\"widget\" data-e-type=\"widget\" data-widget_type=\"heading.default\">\n\t\t\t\t<div class=\"elementor-widget-container\">\n\t\t\t\t\t<h2 class=\"elementor-heading-title elementor-size-default\">Nos cercueils<\/h2>\t\t\t\t<\/div>\n\t\t\t\t<\/div>\n\t\t\t\t<div class=\"elementor-element elementor-element-18b8a8a elementor-widget elementor-widget-text-editor\" data-id=\"18b8a8a\" data-element_type=\"widget\" data-e-type=\"widget\" data-widget_type=\"text-editor.default\">\n\t\t\t\t<div class=\"elementor-widget-container\">\n\t\t\t\t\t\t\t\t\t<p>Nous souhaitons vous proposer un choix correspondant \u00e0 vos attentes pour accompagner vos proches. Notre gamme de cercueils est ainsi utilisable aussi bien pour une inhumation que pour une cr\u00e9mation. Vous retrouverez ci-dessous notre s\u00e9lection de cercueils et de capitons.<\/p>\t\t\t\t\t\t\t\t<\/div>\n\t\t\t\t<\/div>\n\t\t\t\t<div class=\"elementor-element elementor-element-07aba78 elementor--v-position-bottom elementor--h-position-center elementor-arrows-position-inside elementor-widget elementor-widget-slides\" data-id=\"07aba78\" data-element_type=\"widget\" data-e-type=\"widget\" data-settings=\"{&quot;autoplay_speed&quot;:3000,&quot;navigation&quot;:&quot;arrows&quot;,&quot;autoplay&quot;:&quot;yes&quot;,&quot;pause_on_hover&quot;:&quot;yes&quot;,&quot;pause_on_interaction&quot;:&quot;yes&quot;,&quot;infinite&quot;:&quot;yes&quot;,&quot;transition&quot;:&quot;slide&quot;,&quot;transition_speed&quot;:500}\" data-widget_type=\"slides.default\">\n\t\t\t\t<div class=\"elementor-widget-container\">\n\t\t\t\t\t\t\t\t\t<div class=\"elementor-swiper\">\n\t\t\t\t\t<div class=\"elementor-slides-wrapper elementor-main-swiper swiper\" role=\"region\" aria-roledescription=\"carousel\" aria-label=\"Diapositives\" dir=\"ltr\" data-animation=\"\">\n\t\t\t\t<div class=\"swiper-wrapper elementor-slides\">\n\t\t\t\t\t\t\t\t\t\t<div class=\"elementor-repeater-item-a644288 swiper-slide\" role=\"group\" aria-roledescription=\"slide\"><div class=\"swiper-slide-bg\" role=\"img\" aria-label=\"Requiem\"><\/div><a class=\"swiper-slide-inner\" href=\"\/wp-content\/uploads\/2022\/03\/Requiem.jpg\"><div class=\"swiper-slide-contents\"><div class=\"elementor-slide-heading\">Requiem<\/div><\/div><\/a><\/div><div class=\"elementor-repeater-item-c56c195 swiper-slide\" role=\"group\" aria-roledescription=\"slide\"><div class=\"swiper-slide-bg\" role=\"img\" aria-label=\"Padovani\"><\/div><a class=\"swiper-slide-inner\" href=\"\/wp-content\/uploads\/2022\/03\/Padovani-scaled.jpg\"><div class=\"swiper-slide-contents\"><div class=\"elementor-slide-heading\">Padovani<\/div><\/div><\/a><\/div><div class=\"elementor-repeater-item-8ec5c0d swiper-slide\" role=\"group\" aria-roledescription=\"slide\"><div class=\"swiper-slide-bg\" role=\"img\" aria-label=\"Torsay\"><\/div><a class=\"swiper-slide-inner\" href=\"\/wp-content\/uploads\/2022\/03\/Torsay-scaled.jpg\"><div class=\"swiper-slide-contents\"><div class=\"elementor-slide-heading\">Torsay<\/div><\/div><\/a><\/div><div class=\"elementor-repeater-item-0b5a9c3 swiper-slide\" role=\"group\" aria-roledescription=\"slide\"><div class=\"swiper-slide-bg\" role=\"img\" aria-label=\"Terrano\"><\/div><a class=\"swiper-slide-inner\" href=\"\/wp-content\/uploads\/2022\/03\/Terrano-scaled.jpg\"><div class=\"swiper-slide-contents\"><div class=\"elementor-slide-heading\">Terrano<\/div><\/div><\/a><\/div><div class=\"elementor-repeater-item-72a441e swiper-slide\" role=\"group\" aria-roledescription=\"slide\"><div class=\"swiper-slide-bg\" role=\"img\" aria-label=\"Dourdan\"><\/div><a class=\"swiper-slide-inner\" href=\"\/wp-content\/uploads\/2022\/03\/Dourdan-scaled.jpg\"><div class=\"swiper-slide-contents\"><div class=\"elementor-slide-heading\">Dourdan<\/div><\/div><\/a><\/div><div class=\"elementor-repeater-item-489dfac swiper-slide\" role=\"group\" aria-roledescription=\"slide\"><div class=\"swiper-slide-bg\" role=\"img\" aria-label=\"Tolbiac\"><\/div><a class=\"swiper-slide-inner\" href=\"\/wp-content\/uploads\/2022\/03\/Tolbiac-scaled.jpg\"><div class=\"swiper-slide-contents\"><div class=\"elementor-slide-heading\">Tolbiac<\/div><\/div><\/a><\/div><div class=\"elementor-repeater-item-e0c96d3 swiper-slide\" role=\"group\" aria-roledescription=\"slide\"><div class=\"swiper-slide-bg\" role=\"img\" aria-label=\"Vend\u00e9e\"><\/div><a class=\"swiper-slide-inner\" href=\"\/wp-content\/uploads\/2022\/03\/Vendee-scaled.jpg\"><div class=\"swiper-slide-contents\"><div class=\"elementor-slide-heading\">Vend\u00e9e<\/div><\/div><\/a><\/div><div class=\"elementor-repeater-item-685fa71 swiper-slide\" role=\"group\" aria-roledescription=\"slide\"><div class=\"swiper-slide-bg\" role=\"img\" aria-label=\"Hommage\"><\/div><a class=\"swiper-slide-inner\" href=\"\/wp-content\/uploads\/2022\/03\/Hommage-scaled.jpg\"><div class=\"swiper-slide-contents\"><div class=\"elementor-slide-heading\">Hommage<\/div><\/div><\/a><\/div><div class=\"elementor-repeater-item-75cae69 swiper-slide\" role=\"group\" aria-roledescription=\"slide\"><div class=\"swiper-slide-bg\" role=\"img\" aria-label=\"Tavel\"><\/div><a class=\"swiper-slide-inner\" href=\"\/wp-content\/uploads\/2022\/03\/Tavel-scaled.jpg\"><div class=\"swiper-slide-contents\"><div class=\"elementor-slide-heading\">Tavel<\/div><\/div><\/a><\/div><div class=\"elementor-repeater-item-6becfb2 swiper-slide\" role=\"group\" aria-roledescription=\"slide\"><div class=\"swiper-slide-bg\" role=\"img\" aria-label=\"Palaiseau\"><\/div><a class=\"swiper-slide-inner\" href=\"\/wp-content\/uploads\/2022\/03\/Palaiseau-scaled.jpg\"><div class=\"swiper-slide-contents\"><div class=\"elementor-slide-heading\">Palaiseau<\/div><\/div><\/a><\/div><div class=\"elementor-repeater-item-5300da9 swiper-slide\" role=\"group\" aria-roledescription=\"slide\"><div class=\"swiper-slide-bg\" role=\"img\" aria-label=\"Palma\"><\/div><a class=\"swiper-slide-inner\" href=\"\/wp-content\/uploads\/2022\/03\/Palma-scaled.jpg\"><div class=\"swiper-slide-contents\"><div class=\"elementor-slide-heading\">Palma<\/div><\/div><\/a><\/div><div class=\"elementor-repeater-item-5ee0ad2 swiper-slide\" role=\"group\" aria-roledescription=\"slide\"><div class=\"swiper-slide-bg\" role=\"img\" aria-label=\"Primo\"><\/div><a class=\"swiper-slide-inner\" href=\"\/wp-content\/uploads\/2022\/03\/Primo-scaled.jpg\"><div class=\"swiper-slide-contents\"><div class=\"elementor-slide-heading\">Primo<\/div><\/div><\/a><\/div>\t\t\t\t<\/div>\n\t\t\t\t\t\t\t\t\t\t\t\t\t\t\t<div class=\"elementor-swiper-button elementor-swiper-button-prev\" role=\"button\" tabindex=\"0\" aria-label=\"Diapositive pr\u00e9c\u00e9dente\">\n\t\t\t\t\t\t\t<i aria-hidden=\"true\" class=\"eicon-chevron-left\"><\/i>\t\t\t\t\t\t<\/div>\n\t\t\t\t\t\t<div class=\"elementor-swiper-button elementor-swiper-button-next\" role=\"button\" tabindex=\"0\" aria-label=\"Diapositive suivante\">\n\t\t\t\t\t\t\t<i aria-hidden=\"true\" class=\"eicon-chevron-right\"><\/i>\t\t\t\t\t\t<\/div>\n\t\t\t\t\t\t\t\t\t\t\t\t\t\t\t\t\t<\/div>\n\t\t\t\t<\/div>\n\t\t\t\t\t\t\t\t<\/div>\n\t\t\t\t<\/div>\n\t\t\t\t\t<\/div>\n\t\t<\/div>\n\t\t\t\t\t<\/div>\n\t\t<\/section>\n\t\t\t\t<section class=\"elementor-section elementor-top-section elementor-element elementor-element-e715791 elementor-section-height-min-height elementor-section-boxed elementor-section-height-default elementor-section-items-middle\" data-id=\"e715791\" data-element_type=\"section\" data-e-type=\"section\" data-settings=\"{&quot;background_background&quot;:&quot;classic&quot;}\">\n\t\t\t\t\t\t<div class=\"elementor-container elementor-column-gap-default\">\n\t\t\t\t\t<div class=\"elementor-column elementor-col-100 elementor-top-column elementor-element elementor-element-e800635\" data-id=\"e800635\" data-element_type=\"column\" data-e-type=\"column\">\n\t\t\t<div class=\"elementor-widget-wrap elementor-element-populated\">\n\t\t\t\t\t\t<div class=\"elementor-element elementor-element-613bda6 elementor-widget elementor-widget-heading\" data-id=\"613bda6\" data-element_type=\"widget\" data-e-type=\"widget\" data-widget_type=\"heading.default\">\n\t\t\t\t<div class=\"elementor-widget-container\">\n\t\t\t\t\t<h2 class=\"elementor-heading-title elementor-size-default\">Nos capitons<\/h2>\t\t\t\t<\/div>\n\t\t\t\t<\/div>\n\t\t\t\t<div class=\"elementor-element elementor-element-deda245 elementor--v-position-bottom elementor--h-position-center elementor-arrows-position-inside elementor-widget elementor-widget-slides\" data-id=\"deda245\" data-element_type=\"widget\" data-e-type=\"widget\" data-settings=\"{&quot;autoplay_speed&quot;:3000,&quot;navigation&quot;:&quot;arrows&quot;,&quot;autoplay&quot;:&quot;yes&quot;,&quot;pause_on_hover&quot;:&quot;yes&quot;,&quot;pause_on_interaction&quot;:&quot;yes&quot;,&quot;infinite&quot;:&quot;yes&quot;,&quot;transition&quot;:&quot;slide&quot;,&quot;transition_speed&quot;:500}\" data-widget_type=\"slides.default\">\n\t\t\t\t<div class=\"elementor-widget-container\">\n\t\t\t\t\t\t\t\t\t<div class=\"elementor-swiper\">\n\t\t\t\t\t<div class=\"elementor-slides-wrapper elementor-main-swiper swiper\" role=\"region\" aria-roledescription=\"carousel\" aria-label=\"Diapositives\" dir=\"ltr\" data-animation=\"\">\n\t\t\t\t<div class=\"swiper-wrapper elementor-slides\">\n\t\t\t\t\t\t\t\t\t\t<div class=\"elementor-repeater-item-ac127a6 swiper-slide\" role=\"group\" aria-roledescription=\"slide\"><div class=\"swiper-slide-bg\" role=\"img\" aria-label=\"Perce-neige\"><\/div><a class=\"swiper-slide-inner\" href=\"\/wp-content\/uploads\/2022\/03\/Perce-neige.jpg\"><div class=\"swiper-slide-contents\"><div class=\"elementor-slide-heading\">Perce-neige<\/div><\/div><\/a><\/div><div class=\"elementor-repeater-item-051512a swiper-slide\" role=\"group\" aria-roledescription=\"slide\"><div class=\"swiper-slide-bg\" role=\"img\" aria-label=\"Magnolia\"><\/div><a class=\"swiper-slide-inner\" href=\"\/wp-content\/uploads\/2022\/03\/Magnolia-scaled.jpg\"><div class=\"swiper-slide-contents\"><div class=\"elementor-slide-heading\">Magnolia<\/div><\/div><\/a><\/div><div class=\"elementor-repeater-item-a632802 swiper-slide\" role=\"group\" aria-roledescription=\"slide\"><div class=\"swiper-slide-bg\" role=\"img\" aria-label=\"Gentiane Parme\"><\/div><a class=\"swiper-slide-inner\" href=\"\/wp-content\/uploads\/2022\/03\/Gentiane-Parme.jpg\"><div class=\"swiper-slide-contents\"><div class=\"elementor-slide-heading\">Gentiane Parme<\/div><\/div><\/a><\/div><div class=\"elementor-repeater-item-a94ee30 swiper-slide\" role=\"group\" aria-roledescription=\"slide\"><div class=\"swiper-slide-bg\" role=\"img\" aria-label=\"Erable Grenat\"><\/div><a class=\"swiper-slide-inner\" href=\"\/wp-content\/uploads\/2022\/03\/Erable-Grenat-scaled.jpg\"><div class=\"swiper-slide-contents\"><div class=\"elementor-slide-heading\">Erable Grenat<\/div><\/div><\/a><\/div><div class=\"elementor-repeater-item-d0ac5bb swiper-slide\" role=\"group\" aria-roledescription=\"slide\"><div class=\"swiper-slide-bg\" role=\"img\" aria-label=\"Erable Blanc\"><\/div><a class=\"swiper-slide-inner\" href=\"\/wp-content\/uploads\/2022\/03\/Erable-Blanc.png\"><div class=\"swiper-slide-contents\"><div class=\"elementor-slide-heading\">Erable Blanc<\/div><\/div><\/a><\/div><div class=\"elementor-repeater-item-d4260e5 swiper-slide\" role=\"group\" aria-roledescription=\"slide\"><div class=\"swiper-slide-bg\" role=\"img\" aria-label=\"Bleuet\"><\/div><a class=\"swiper-slide-inner\" href=\"\/wp-content\/uploads\/2022\/03\/Bleuet-scaled.jpg\"><div class=\"swiper-slide-contents\"><div class=\"elementor-slide-heading\">Bleuet<\/div><\/div><\/a><\/div>\t\t\t\t<\/div>\n\t\t\t\t\t\t\t\t\t\t\t\t\t\t\t<div class=\"elementor-swiper-button elementor-swiper-button-prev\" role=\"button\" tabindex=\"0\" aria-label=\"Diapositive pr\u00e9c\u00e9dente\">\n\t\t\t\t\t\t\t<i aria-hidden=\"true\" class=\"eicon-chevron-left\"><\/i>\t\t\t\t\t\t<\/div>\n\t\t\t\t\t\t<div class=\"elementor-swiper-button elementor-swiper-button-next\" role=\"button\" tabindex=\"0\" aria-label=\"Diapositive suivante\">\n\t\t\t\t\t\t\t<i aria-hidden=\"true\" class=\"eicon-chevron-right\"><\/i>\t\t\t\t\t\t<\/div>\n\t\t\t\t\t\t\t\t\t\t\t\t\t\t\t\t\t<\/div>\n\t\t\t\t<\/div>\n\t\t\t\t\t\t\t\t<\/div>\n\t\t\t\t<\/div>\n\t\t\t\t\t<\/div>\n\t\t<\/div>\n\t\t\t\t\t<\/div>\n\t\t<\/section>\n\t\t\t\t<\/div>\n\t\t","protected":false},"excerpt":{"rendered":"<p>Nos cercueils Nous souhaitons vous proposer un choix correspondant \u00e0 vos attentes pour accompagner vos proches. Notre gamme de cercueils est ainsi utilisable aussi bien pour une inhumation que pour une cr\u00e9mation. Vous retrouverez ci-dessous notre s\u00e9lection de cercueils et de capitons. RequiemPadovaniTorsayTerranoDourdanTolbiacVend\u00e9eHommageTavelPalaiseauPalmaPrimo Nos capitons Perce-neigeMagnoliaGentiane ParmeErable GrenatErable BlancBleuet<\/p>\n","protected":false},"author":2,"featured_media":0,"parent":0,"menu_order":0,"comment_status":"closed","ping_status":"closed","template":"","meta":{"footnotes":""},"folder":[],"class_list":["post-39","page","type-page","status-publish","hentry"],"_links":{"self":[{"href":"https:\/\/pompesfunebresdourdannaises.fr\/index.php\/wp-json\/wp\/v2\/pages\/39","targetHints":{"allow":["GET"]}}],"collection":[{"href":"https:\/\/pompesfunebresdourdannaises.fr\/index.php\/wp-json\/wp\/v2\/pages"}],"about":[{"href":"https:\/\/pompesfunebresdourdannaises.fr\/index.php\/wp-json\/wp\/v2\/types\/page"}],"author":[{"embeddable":true,"href":"https:\/\/pompesfunebresdourdannaises.fr\/index.php\/wp-json\/wp\/v2\/users\/2"}],"replies":[{"embeddable":true,"href":"https:\/\/pompesfunebresdourdannaises.fr\/index.php\/wp-json\/wp\/v2\/comments?post=39"}],"version-history":[{"count":325,"href":"https:\/\/pompesfunebresdourdannaises.fr\/index.php\/wp-json\/wp\/v2\/pages\/39\/revisions"}],"predecessor-version":[{"id":3079,"href":"https:\/\/pompesfunebresdourdannaises.fr\/index.php\/wp-json\/wp\/v2\/pages\/39\/revisions\/3079"}],"wp:attachment":[{"href":"https:\/\/pompesfunebresdourdannaises.fr\/index.php\/wp-json\/wp\/v2\/media?parent=39"}],"wp:term":[{"taxonomy":"folder","embeddable":true,"href":"https:\/\/pompesfunebresdourdannaises.fr\/index.php\/wp-json\/wp\/v2\/folder?post=39"}],"curies":[{"name":"wp","href":"https:\/\/api.w.org\/{rel}","templated":true}]}}