{"id":37,"date":"2022-01-28T08:38:27","date_gmt":"2022-01-28T07:38:27","guid":{"rendered":"https:\/\/pompesfunebresdourdannaises.fr\/?page_id=37"},"modified":"2023-11-20T10:50:38","modified_gmt":"2023-11-20T09:50:38","slug":"funerarium","status":"publish","type":"page","link":"https:\/\/pompesfunebresdourdannaises.fr\/index.php\/funerarium\/","title":{"rendered":"Fun\u00e9rarium"},"content":{"rendered":"\t\t<div data-elementor-type=\"wp-page\" data-elementor-id=\"37\" class=\"elementor elementor-37\" data-elementor-post-type=\"page\">\n\t\t\t\t\t\t<section class=\"elementor-section elementor-top-section elementor-element elementor-element-06b7f21 elementor-section-height-min-height elementor-section-boxed elementor-section-height-default elementor-section-items-middle\" data-id=\"06b7f21\" data-element_type=\"section\" data-e-type=\"section\" data-settings=\"{&quot;background_background&quot;:&quot;classic&quot;}\">\n\t\t\t\t\t\t<div class=\"elementor-container elementor-column-gap-default\">\n\t\t\t\t\t<div class=\"elementor-column elementor-col-100 elementor-top-column elementor-element elementor-element-be75df1\" data-id=\"be75df1\" data-element_type=\"column\" data-e-type=\"column\">\n\t\t\t<div class=\"elementor-widget-wrap elementor-element-populated\">\n\t\t\t\t\t\t<div class=\"elementor-element elementor-element-8723ea7 elementor-widget elementor-widget-heading\" data-id=\"8723ea7\" data-element_type=\"widget\" data-e-type=\"widget\" data-widget_type=\"heading.default\">\n\t\t\t\t<div class=\"elementor-widget-container\">\n\t\t\t\t\t<h2 class=\"elementor-heading-title elementor-size-default\">Fun\u00e9rarium<\/h2>\t\t\t\t<\/div>\n\t\t\t\t<\/div>\n\t\t\t\t<div class=\"elementor-element elementor-element-4ebf16e elementor-widget elementor-widget-text-editor\" data-id=\"4ebf16e\" data-element_type=\"widget\" data-e-type=\"widget\" data-widget_type=\"text-editor.default\">\n\t\t\t\t<div class=\"elementor-widget-container\">\n\t\t\t\t\t\t\t\t\t<p>Les Pompes Fun\u00e8bres Dourdannaises sont \u00e0 vos c\u00f4t\u00e9s pour vous offrir les meilleurs conditions de recueillement.<\/p>\t\t\t\t\t\t\t\t<\/div>\n\t\t\t\t<\/div>\n\t\t\t\t<div class=\"elementor-element elementor-element-7bbbb22 elementor-widget elementor-widget-text-editor\" data-id=\"7bbbb22\" data-element_type=\"widget\" data-e-type=\"widget\" data-widget_type=\"text-editor.default\">\n\t\t\t\t<div class=\"elementor-widget-container\">\n\t\t\t\t\t\t\t\t\t<p>Notre Fun\u00e9rarium se situe au <strong>39 rue Fortin 91410 Dourdan<\/strong> (face au cimeti\u00e8re de Dourdan), il est accessible aux personnes \u00e0 mobilit\u00e9 r\u00e9duite et poss\u00e8de un acc\u00e8s s\u00e9curis\u00e9 par digicode.<\/p><p>Le Fun\u00e9rarium des Pompes Fun\u00e8bres Dourdannaises comprend <strong>2 salons<\/strong> . Chaque salon est <strong>ind\u00e9pendant<\/strong> et dispose d\u2019un <strong>acc\u00e8s s\u00e9curis\u00e9<\/strong>.<\/p><p>Les familles peuvent ainsi se recueillir <strong>24h\/24 et 7j\/7<\/strong>, en recr\u00e9ant si elles le souhaitent leur environnement familier par des photos, tableaux, musiques, et tout autre objet ayant rapport avec leur d\u00e9funt ou l\u2019histoire de leur famille.<\/p>\t\t\t\t\t\t\t\t<\/div>\n\t\t\t\t<\/div>\n\t\t\t\t<section class=\"elementor-section elementor-inner-section elementor-element elementor-element-bdcec5b elementor-section-boxed elementor-section-height-default elementor-section-height-default\" data-id=\"bdcec5b\" data-element_type=\"section\" data-e-type=\"section\">\n\t\t\t\t\t\t<div class=\"elementor-container elementor-column-gap-default\">\n\t\t\t\t\t<div class=\"elementor-column elementor-col-50 elementor-inner-column elementor-element elementor-element-f96c37c animated-slow\" data-id=\"f96c37c\" data-element_type=\"column\" data-e-type=\"column\" data-settings=\"{&quot;animation&quot;:&quot;none&quot;}\">\n\t\t\t<div class=\"elementor-widget-wrap elementor-element-populated\">\n\t\t\t\t\t\t<div class=\"elementor-element elementor-element-233c4dd elementor-widget elementor-widget-image\" data-id=\"233c4dd\" data-element_type=\"widget\" data-e-type=\"widget\" data-widget_type=\"image.default\">\n\t\t\t\t<div class=\"elementor-widget-container\">\n\t\t\t\t\t\t\t\t\t\t\t\t\t\t\t<img fetchpriority=\"high\" decoding=\"async\" width=\"800\" height=\"533\" src=\"https:\/\/pompesfunebresdourdannaises.fr\/wp-content\/uploads\/2022\/02\/DSC4347-1-1024x682.jpg\" class=\"attachment-large size-large wp-image-1864\" alt=\"\" srcset=\"https:\/\/pompesfunebresdourdannaises.fr\/wp-content\/uploads\/2022\/02\/DSC4347-1-1024x682.jpg 1024w, https:\/\/pompesfunebresdourdannaises.fr\/wp-content\/uploads\/2022\/02\/DSC4347-1-300x200.jpg 300w, https:\/\/pompesfunebresdourdannaises.fr\/wp-content\/uploads\/2022\/02\/DSC4347-1-768x512.jpg 768w, https:\/\/pompesfunebresdourdannaises.fr\/wp-content\/uploads\/2022\/02\/DSC4347-1-1536x1024.jpg 1536w, https:\/\/pompesfunebresdourdannaises.fr\/wp-content\/uploads\/2022\/02\/DSC4347-1.jpg 2000w\" sizes=\"(max-width: 800px) 100vw, 800px\" \/>\t\t\t\t\t\t\t\t\t\t\t\t\t\t\t<\/div>\n\t\t\t\t<\/div>\n\t\t\t\t\t<\/div>\n\t\t<\/div>\n\t\t\t\t<div class=\"elementor-column elementor-col-50 elementor-inner-column elementor-element elementor-element-5c345c3\" data-id=\"5c345c3\" data-element_type=\"column\" data-e-type=\"column\">\n\t\t\t<div class=\"elementor-widget-wrap elementor-element-populated\">\n\t\t\t\t\t\t<div class=\"elementor-element elementor-element-226aee9 elementor-widget elementor-widget-image\" data-id=\"226aee9\" data-element_type=\"widget\" data-e-type=\"widget\" data-widget_type=\"image.default\">\n\t\t\t\t<div class=\"elementor-widget-container\">\n\t\t\t\t\t\t\t\t\t\t\t\t\t\t\t<img decoding=\"async\" width=\"2000\" height=\"1333\" src=\"https:\/\/pompesfunebresdourdannaises.fr\/wp-content\/uploads\/2022\/02\/DSC4323-1.jpg\" class=\"attachment-full size-full wp-image-1863\" alt=\"\" srcset=\"https:\/\/pompesfunebresdourdannaises.fr\/wp-content\/uploads\/2022\/02\/DSC4323-1.jpg 2000w, https:\/\/pompesfunebresdourdannaises.fr\/wp-content\/uploads\/2022\/02\/DSC4323-1-300x200.jpg 300w, https:\/\/pompesfunebresdourdannaises.fr\/wp-content\/uploads\/2022\/02\/DSC4323-1-1024x682.jpg 1024w, https:\/\/pompesfunebresdourdannaises.fr\/wp-content\/uploads\/2022\/02\/DSC4323-1-768x512.jpg 768w, https:\/\/pompesfunebresdourdannaises.fr\/wp-content\/uploads\/2022\/02\/DSC4323-1-1536x1024.jpg 1536w\" sizes=\"(max-width: 2000px) 100vw, 2000px\" \/>\t\t\t\t\t\t\t\t\t\t\t\t\t\t\t<\/div>\n\t\t\t\t<\/div>\n\t\t\t\t\t<\/div>\n\t\t<\/div>\n\t\t\t\t\t<\/div>\n\t\t<\/section>\n\t\t\t\t\t<\/div>\n\t\t<\/div>\n\t\t\t\t\t<\/div>\n\t\t<\/section>\n\t\t\t\t<\/div>\n\t\t","protected":false},"excerpt":{"rendered":"<p>Fun\u00e9rarium Les Pompes Fun\u00e8bres Dourdannaises sont \u00e0 vos c\u00f4t\u00e9s pour vous offrir les meilleurs conditions de recueillement. Notre Fun\u00e9rarium se situe au 39 rue Fortin 91410 Dourdan (face au cimeti\u00e8re de Dourdan), il est accessible aux personnes \u00e0 mobilit\u00e9 r\u00e9duite et poss\u00e8de un acc\u00e8s s\u00e9curis\u00e9 par digicode. Le Fun\u00e9rarium des Pompes Fun\u00e8bres Dourdannaises comprend 2 [&hellip;]<\/p>\n","protected":false},"author":2,"featured_media":0,"parent":0,"menu_order":0,"comment_status":"closed","ping_status":"closed","template":"","meta":{"footnotes":""},"folder":[],"class_list":["post-37","page","type-page","status-publish","hentry"],"_links":{"self":[{"href":"https:\/\/pompesfunebresdourdannaises.fr\/index.php\/wp-json\/wp\/v2\/pages\/37","targetHints":{"allow":["GET"]}}],"collection":[{"href":"https:\/\/pompesfunebresdourdannaises.fr\/index.php\/wp-json\/wp\/v2\/pages"}],"about":[{"href":"https:\/\/pompesfunebresdourdannaises.fr\/index.php\/wp-json\/wp\/v2\/types\/page"}],"author":[{"embeddable":true,"href":"https:\/\/pompesfunebresdourdannaises.fr\/index.php\/wp-json\/wp\/v2\/users\/2"}],"replies":[{"embeddable":true,"href":"https:\/\/pompesfunebresdourdannaises.fr\/index.php\/wp-json\/wp\/v2\/comments?post=37"}],"version-history":[{"count":82,"href":"https:\/\/pompesfunebresdourdannaises.fr\/index.php\/wp-json\/wp\/v2\/pages\/37\/revisions"}],"predecessor-version":[{"id":2755,"href":"https:\/\/pompesfunebresdourdannaises.fr\/index.php\/wp-json\/wp\/v2\/pages\/37\/revisions\/2755"}],"wp:attachment":[{"href":"https:\/\/pompesfunebresdourdannaises.fr\/index.php\/wp-json\/wp\/v2\/media?parent=37"}],"wp:term":[{"taxonomy":"folder","embeddable":true,"href":"https:\/\/pompesfunebresdourdannaises.fr\/index.php\/wp-json\/wp\/v2\/folder?post=37"}],"curies":[{"name":"wp","href":"https:\/\/api.w.org\/{rel}","templated":true}]}}