{"id":3101,"date":"2026-03-10T12:09:36","date_gmt":"2026-03-10T11:09:36","guid":{"rendered":"https:\/\/pompesfunebresdourdannaises.fr\/?page_id=3101"},"modified":"2026-03-10T12:14:31","modified_gmt":"2026-03-10T11:14:31","slug":"mentions-legales","status":"publish","type":"page","link":"https:\/\/pompesfunebresdourdannaises.fr\/index.php\/mentions-legales\/","title":{"rendered":"Mentions L\u00e9gales"},"content":{"rendered":"\t\t<div data-elementor-type=\"wp-page\" data-elementor-id=\"3101\" class=\"elementor elementor-3101\" data-elementor-post-type=\"page\">\n\t\t\t\t<div class=\"elementor-element elementor-element-600f400 e-flex e-con-boxed e-con e-parent\" data-id=\"600f400\" data-element_type=\"container\" data-e-type=\"container\">\n\t\t\t\t\t<div class=\"e-con-inner\">\n\t\t\t\t<div class=\"elementor-element elementor-element-05d511d elementor-widget elementor-widget-heading\" data-id=\"05d511d\" data-element_type=\"widget\" data-e-type=\"widget\" data-widget_type=\"heading.default\">\n\t\t\t\t<div class=\"elementor-widget-container\">\n\t\t\t\t\t<h2 class=\"elementor-heading-title elementor-size-default\">Mentions l\u00e9gales<\/h2>\t\t\t\t<\/div>\n\t\t\t\t<\/div>\n\t\t\t\t<div class=\"elementor-element elementor-element-fcf950a elementor-widget elementor-widget-text-editor\" data-id=\"fcf950a\" data-element_type=\"widget\" data-e-type=\"widget\" data-widget_type=\"text-editor.default\">\n\t\t\t\t<div class=\"elementor-widget-container\">\n\t\t\t\t\t\t\t\t\t<ol><li><strong> \u00c9diteur du site<\/strong><\/li><\/ol><p>Le pr\u00e9sent site est \u00e9dit\u00e9 par :<\/p><p><strong>POMPES FUNEBRES DOURDANNAISES<\/strong><br \/>Forme juridique : SARL <br \/>Capital social : 5000 \u20ac<br \/>Si\u00e8ge social : 39 Rue Fortin \u2013 91410 DOURDAN<br \/>T\u00e9l\u00e9phone : 01.64.56.03.38.<br \/>Email : contact@pf-dourdan.fr<\/p><p>Immatriculation :<br \/>SIREN : 804 131 969<br \/>RCS : Evry<br \/>TVA intracommunautaire : FR02804131969<\/p><p>Directeur de la publication : <strong>LEJEUNE Arnaud<\/strong><\/p><ol start=\"2\"><li><strong> Habilitation fun\u00e9raire<\/strong><\/li><\/ol><p>Conform\u00e9ment aux dispositions du Code g\u00e9n\u00e9ral des collectivit\u00e9s territoriales,<br \/>la soci\u00e9t\u00e9 <strong>POMPES FUNEBRES DOURDANNAISES <\/strong>est titulaire de l\u2019<strong>habilitation fun\u00e9raire<\/strong> d\u00e9livr\u00e9e par la pr\u00e9fecture de <strong>l\u2019Essonne.<\/strong><\/p><p>Num\u00e9ro d\u2019habilitation : <strong>22\u00a091\u00a00182.<\/strong><br \/>Date de d\u00e9livrance : <strong>10\/10\/2022.<\/strong><\/p><p>Cette habilitation autorise l\u2019entreprise \u00e0 exercer les activit\u00e9s fun\u00e9raires suivantes :<\/p><ul><li>organisation d\u2019obs\u00e8ques<\/li><li>transport de corps avant et apr\u00e8s mise en bi\u00e8re<\/li><li>fourniture de cercueils et accessoires<\/li><li>soins de conservation<\/li><li>mise en bi\u00e8re et fermeture du cercueil<\/li><li>fourniture de corbillard et v\u00e9hicules de deuil<\/li><li>fourniture du personnel et des objets et prestations n\u00e9cessaires aux obs\u00e8ques<\/li><li>gestion et utilisation de la chambre fun\u00e9raire situ\u00e9e 39 rue Fortin 91410 Dourdan<\/li><\/ul><ol start=\"3\"><li><strong> H\u00e9bergement du site<\/strong><\/li><\/ol><p>Le site est h\u00e9berg\u00e9 par :<\/p><p><strong>Nom : IONOS SARL<\/strong><br \/>Adresse : 7 Place de la Gare, BP 70109, 57200 Sarreguemines Cedex, France<br \/>T\u00e9l\u00e9phone : 09 70 80 89 11<br \/>Site web : <a href=\"https:\/\/www.ionos.fr\" target=\"_blank\" rel=\"noopener\">https:\/\/www.ionos.fr<\/a><br \/>Email\u00a0: info@ionos.fr<\/p><ol start=\"4\"><li><strong> Propri\u00e9t\u00e9 intellectuelle<\/strong><\/li><\/ol><p>L\u2019ensemble du contenu du site (textes, images, logos, graphismes, documents, etc.) est la propri\u00e9t\u00e9 exclusive de <strong>POMPES FUNEBRES DOURDANNAISES,<\/strong> sauf mentions contraires.<\/p><p>Toute reproduction, repr\u00e9sentation, modification ou diffusion, totale ou partielle, sans autorisation pr\u00e9alable est interdite.<\/p><ol start=\"5\"><li><strong> Donn\u00e9es personnelles<\/strong><\/li><\/ol><p>Les informations recueillies via les formulaires du site sont destin\u00e9es \u00e0 <strong>POMPES FUNEBRES DOURDANNAISES <\/strong>afin de r\u00e9pondre aux demandes des utilisateurs (devis obs\u00e8ques, informations, contact).<\/p><p>Conform\u00e9ment au <strong>R\u00e8glement G\u00e9n\u00e9ral sur la Protection des Donn\u00e9es (RGPD)<\/strong> et \u00e0 la loi Informatique et Libert\u00e9s, vous disposez des droits suivants :<\/p><ul><li>droit d\u2019acc\u00e8s<\/li><li>droit de rectification<\/li><li>droit d\u2019effacement<\/li><li>droit d\u2019opposition<\/li><li>droit \u00e0 la limitation du traitement<\/li><\/ul><p>Vous pouvez exercer ces droits en contactant :<\/p><p>Email : <strong>contact@pf-dourdan.fr<\/strong><br \/>Adresse : <strong>39 Rue Fortin \u2013 91410 DOURDAN<\/strong><\/p><ol start=\"6\"><li><strong> Cookies<\/strong><\/li><\/ol><p>Le site peut utiliser des cookies afin d\u2019am\u00e9liorer l\u2019exp\u00e9rience utilisateur et d\u2019analyser la fr\u00e9quentation du site.<\/p><p>Vous pouvez accepter, refuser ou param\u00e9trer l\u2019utilisation des cookies via le bandeau pr\u00e9vu \u00e0 cet effet lors de votre premi\u00e8re visite.<\/p><ol start=\"7\"><li><strong> Informations sur les prestations fun\u00e9raires<\/strong><\/li><\/ol><p>Conform\u00e9ment \u00e0 la r\u00e9glementation fun\u00e9raire, l\u2019entreprise <strong>POMPES FUNEBRES DOURDANNAISES <\/strong>fournit un <strong>devis obs\u00e8ques gratuit et standardis\u00e9<\/strong> \u00e0 toute personne qui en fait la demande.<\/p><p>Les tarifs des prestations fun\u00e9raires peuvent \u00eatre communiqu\u00e9s sur simple demande aupr\u00e8s de l\u2019agence.<\/p><ol start=\"8\"><li><strong> Responsabilit\u00e9<\/strong><\/li><\/ol><p>Les informations diffus\u00e9es sur ce site sont fournies \u00e0 titre indicatif.<br \/>L\u2019entreprise <strong>POMPES FUNEBRES DOURDANNAISES <\/strong>s\u2019efforce de maintenir les informations \u00e0 jour mais ne saurait garantir leur exactitude ou leur exhaustivit\u00e9.<\/p>\t\t\t\t\t\t\t\t<\/div>\n\t\t\t\t<\/div>\n\t\t\t\t\t<\/div>\n\t\t\t\t<\/div>\n\t\t\t\t<\/div>\n\t\t","protected":false},"excerpt":{"rendered":"<p>Mentions l\u00e9gales \u00c9diteur du site Le pr\u00e9sent site est \u00e9dit\u00e9 par : POMPES FUNEBRES DOURDANNAISESForme juridique : SARL Capital social : 5000 \u20acSi\u00e8ge social : 39 Rue Fortin \u2013 91410 DOURDANT\u00e9l\u00e9phone : 01.64.56.03.38.Email : contact@pf-dourdan.fr Immatriculation :SIREN : 804 131 969RCS : EvryTVA intracommunautaire : FR02804131969 Directeur de la publication : LEJEUNE Arnaud Habilitation fun\u00e9raire [&hellip;]<\/p>\n","protected":false},"author":4,"featured_media":0,"parent":0,"menu_order":0,"comment_status":"closed","ping_status":"closed","template":"","meta":{"footnotes":""},"folder":[],"class_list":["post-3101","page","type-page","status-publish","hentry"],"_links":{"self":[{"href":"https:\/\/pompesfunebresdourdannaises.fr\/index.php\/wp-json\/wp\/v2\/pages\/3101","targetHints":{"allow":["GET"]}}],"collection":[{"href":"https:\/\/pompesfunebresdourdannaises.fr\/index.php\/wp-json\/wp\/v2\/pages"}],"about":[{"href":"https:\/\/pompesfunebresdourdannaises.fr\/index.php\/wp-json\/wp\/v2\/types\/page"}],"author":[{"embeddable":true,"href":"https:\/\/pompesfunebresdourdannaises.fr\/index.php\/wp-json\/wp\/v2\/users\/4"}],"replies":[{"embeddable":true,"href":"https:\/\/pompesfunebresdourdannaises.fr\/index.php\/wp-json\/wp\/v2\/comments?post=3101"}],"version-history":[{"count":4,"href":"https:\/\/pompesfunebresdourdannaises.fr\/index.php\/wp-json\/wp\/v2\/pages\/3101\/revisions"}],"predecessor-version":[{"id":3106,"href":"https:\/\/pompesfunebresdourdannaises.fr\/index.php\/wp-json\/wp\/v2\/pages\/3101\/revisions\/3106"}],"wp:attachment":[{"href":"https:\/\/pompesfunebresdourdannaises.fr\/index.php\/wp-json\/wp\/v2\/media?parent=3101"}],"wp:term":[{"taxonomy":"folder","embeddable":true,"href":"https:\/\/pompesfunebresdourdannaises.fr\/index.php\/wp-json\/wp\/v2\/folder?post=3101"}],"curies":[{"name":"wp","href":"https:\/\/api.w.org\/{rel}","templated":true}]}}