{"id":3,"date":"2022-01-27T19:21:06","date_gmt":"2022-01-27T18:21:06","guid":{"rendered":"https:\/\/pompesfunebresdourdannaises.fr\/?page_id=3"},"modified":"2026-03-10T12:33:58","modified_gmt":"2026-03-10T11:33:58","slug":"politique-de-confidentialite","status":"publish","type":"page","link":"https:\/\/pompesfunebresdourdannaises.fr\/index.php\/politique-de-confidentialite\/","title":{"rendered":"Politique de confidentialit\u00e9"},"content":{"rendered":"\t\t<div data-elementor-type=\"wp-page\" data-elementor-id=\"3\" class=\"elementor elementor-3\" data-elementor-post-type=\"page\">\n\t\t\t\t<div class=\"elementor-element elementor-element-21770e3e e-flex e-con-boxed e-con e-parent\" data-id=\"21770e3e\" data-element_type=\"container\" data-e-type=\"container\">\n\t\t\t\t\t<div class=\"e-con-inner\">\n\t\t\t\t<div class=\"elementor-element elementor-element-ccf76bc elementor-widget elementor-widget-heading\" data-id=\"ccf76bc\" data-element_type=\"widget\" data-e-type=\"widget\" data-widget_type=\"heading.default\">\n\t\t\t\t<div class=\"elementor-widget-container\">\n\t\t\t\t\t<h2 class=\"elementor-heading-title elementor-size-default\">Politique de confidentialit\u00e9<\/h2>\t\t\t\t<\/div>\n\t\t\t\t<\/div>\n\t\t\t\t\t<\/div>\n\t\t\t\t<\/div>\n\t\t<div class=\"elementor-element elementor-element-4b8bd3b e-flex e-con-boxed e-con e-parent\" data-id=\"4b8bd3b\" data-element_type=\"container\" data-e-type=\"container\">\n\t\t\t\t\t<div class=\"e-con-inner\">\n\t\t\t\t<div class=\"elementor-element elementor-element-20f0617 elementor-widget elementor-widget-text-editor\" data-id=\"20f0617\" data-element_type=\"widget\" data-e-type=\"widget\" data-widget_type=\"text-editor.default\">\n\t\t\t\t<div class=\"elementor-widget-container\">\n\t\t\t\t\t\t\t\t\t<p><\/p>\n<p>Cette page d\u00e9crit notre politique de confidentialit\u00e9 ainsi que les modalit\u00e9s de collecte et de traitement de vos donn\u00e9es personnelles sur ce site Internet.<\/p>\n<p>COLLECTE DES DONN\u00c9ES PERSONNELLES<\/p>\n<p>Les donn\u00e9es personnelles collect\u00e9es via les formulaires pr\u00e9sents sur le site ont pour finalit\u00e9 de recontacter les personnes ayant laiss\u00e9 leurs informations de contact, dans le cadre de la gestion de la relation commerciale.<\/p>\n<p>La collecte repose sur le\u00a0<strong>consentement explicite<\/strong>\u00a0de l\u2019utilisateur, obtenu par la case \u00e0 cocher pr\u00e9sente sur chaque formulaire (conform\u00e9ment \u00e0 l\u2019article 6.1.a du R\u00e8glement G\u00e9n\u00e9ral sur la Protection des Donn\u00e9es \u2013 RGPD).<\/p>\n<p>RESPONSABLE DU TRAITEMENT<\/p>\n<p>Les donn\u00e9es personnelles sont collect\u00e9es par la soci\u00e9t\u00e9 :<\/p>\n<p>POMPES FUNEBRES DOURDANNAISES<br \/>RCS\u00a0: \u00a0804\u00a0131 969 R.C.S.\u00a0; EVRY<\/p>\n<p>DUR\u00c9E DE CONSERVATION DES DONN\u00c9ES<\/p>\n<p>Les donn\u00e9es collect\u00e9es sont conserv\u00e9es pendant une dur\u00e9e d\u2019un (1) an, renouvelable \u00e0 compter de l\u2019envoi du formulaire.<\/p>\n<p>CONFIDENTIALIT\u00c9 DES DONN\u00c9ES<\/p>\n<p>Les donn\u00e9es personnelles sont uniquement destin\u00e9es \u00e0 la soci\u00e9t\u00e9 POMPES FUNEBRES DOURDANNAISES.<\/p>\n<p>\u00a0<\/p>\n<p>Elles sont trait\u00e9es dans le cadre strict de la demande exprim\u00e9e via le formulaire, et\u00a0<strong>ne sont en aucun cas transmises, vendues ou c\u00e9d\u00e9es \u00e0 des tiers<\/strong>.<\/p>\n<p>LIEU DE STOCKAGE DES DONN\u00c9ES<\/p>\n<p>Les serveurs h\u00e9bergeant ce site sont situ\u00e9s en France, au sein de l\u2019Union Europ\u00e9enne.<\/p>\n<p>La soci\u00e9t\u00e9 POMPES FUNEBRES DOURDANNAISES s\u2019engage \u00e0\u00a0<strong>ne transf\u00e9rer aucune donn\u00e9e personnelle hors de l\u2019UE<\/strong>.<\/p>\n<p>S\u00c9CURIT\u00c9 DES DONN\u00c9ES<\/p>\n<p>Toutes les pages du site sont s\u00e9curis\u00e9es via le protocole HTTPS (TLS 1.2 \/ RSA), garantissant le chiffrement des donn\u00e9es \u00e9chang\u00e9es entre votre navigateur et nos serveurs.<\/p>\n<p>DROITS DES UTILISATEURS<\/p>\n<p>Conform\u00e9ment au RGPD, vous disposez des droits suivants concernant vos donn\u00e9es personnelles :<\/p>\n<ul>\n<li>Droit d\u2019acc\u00e8s<\/li>\n<li>Droit de rectification<\/li>\n<li>Droit \u00e0 l\u2019effacement<\/li>\n<li>Droit \u00e0 la limitation du traitement<\/li>\n<li>Droit \u00e0 la portabilit\u00e9<\/li>\n<li>Droit d\u2019opposition<\/li>\n<\/ul>\n<p>Vous avez \u00e9galement le droit d\u2019introduire une r\u00e9clamation aupr\u00e8s de la\u00a0<strong>CNIL<\/strong>\u00a0(<a href=\"http:\/\/www.cnil.fr\/\" target=\"_blank\" rel=\"noopener\">www.cnil.fr<\/a>), l\u2019autorit\u00e9 fran\u00e7aise de protection des donn\u00e9es personnelles.<\/p>\n<p>Pour exercer vos droits, vous pouvez nous contacter par e-mail \u00e0 l\u2019adresse suivante :\u00a0<a href=\"mailto:contact@pf-dourdan.fr\"><strong>contact@pf-dourdan.fr<\/strong><\/a><\/p>\n<p><\/p>\t\t\t\t\t\t\t\t<\/div>\n\t\t\t\t<\/div>\n\t\t\t\t\t<\/div>\n\t\t\t\t<\/div>\n\t\t\t\t<\/div>\n\t\t","protected":false},"excerpt":{"rendered":"<p>Politique de confidentialit\u00e9 Cette page d\u00e9crit notre politique de confidentialit\u00e9 ainsi que les modalit\u00e9s de collecte et de traitement de vos donn\u00e9es personnelles sur ce site Internet. COLLECTE DES DONN\u00c9ES PERSONNELLES Les donn\u00e9es personnelles collect\u00e9es via les formulaires pr\u00e9sents sur le site ont pour finalit\u00e9 de recontacter les personnes ayant laiss\u00e9 leurs informations de contact, [&hellip;]<\/p>\n","protected":false},"author":2,"featured_media":0,"parent":0,"menu_order":0,"comment_status":"closed","ping_status":"open","template":"","meta":{"footnotes":""},"folder":[],"class_list":["post-3","page","type-page","status-publish","hentry"],"_links":{"self":[{"href":"https:\/\/pompesfunebresdourdannaises.fr\/index.php\/wp-json\/wp\/v2\/pages\/3","targetHints":{"allow":["GET"]}}],"collection":[{"href":"https:\/\/pompesfunebresdourdannaises.fr\/index.php\/wp-json\/wp\/v2\/pages"}],"about":[{"href":"https:\/\/pompesfunebresdourdannaises.fr\/index.php\/wp-json\/wp\/v2\/types\/page"}],"author":[{"embeddable":true,"href":"https:\/\/pompesfunebresdourdannaises.fr\/index.php\/wp-json\/wp\/v2\/users\/2"}],"replies":[{"embeddable":true,"href":"https:\/\/pompesfunebresdourdannaises.fr\/index.php\/wp-json\/wp\/v2\/comments?post=3"}],"version-history":[{"count":3,"href":"https:\/\/pompesfunebresdourdannaises.fr\/index.php\/wp-json\/wp\/v2\/pages\/3\/revisions"}],"predecessor-version":[{"id":3112,"href":"https:\/\/pompesfunebresdourdannaises.fr\/index.php\/wp-json\/wp\/v2\/pages\/3\/revisions\/3112"}],"wp:attachment":[{"href":"https:\/\/pompesfunebresdourdannaises.fr\/index.php\/wp-json\/wp\/v2\/media?parent=3"}],"wp:term":[{"taxonomy":"folder","embeddable":true,"href":"https:\/\/pompesfunebresdourdannaises.fr\/index.php\/wp-json\/wp\/v2\/folder?post=3"}],"curies":[{"name":"wp","href":"https:\/\/api.w.org\/{rel}","templated":true}]}}